{"id":9938,"date":"2020-01-17T18:51:51","date_gmt":"2020-01-17T18:51:51","guid":{"rendered":"https:\/\/quasarcomunicacion.com.ar\/web\/?page_id=9938"},"modified":"2020-01-17T18:51:51","modified_gmt":"2020-01-17T18:51:51","slug":"plandeaccion","status":"publish","type":"page","link":"https:\/\/quasarcomunicacion.com.ar\/web\/plandeaccion\/","title":{"rendered":"Taller virtual CLAVES PARA ARMAR TU PLAN DE ACCION"},"content":{"rendered":"<p>Junto a la Escuela para Emprendedores brindamos este taller de manera virtual\u00a0 sum\u00e1ndote al grupo cerrado de facebook <strong>CLAVES PARA ARMAR TU PLAN DE ACCION 2020<\/strong>. El acceso al grupo con todo el material, herramientas, documentos y tutor\u00edas tiene un costo de $ 500 que podr\u00e1s abonar haciendo click aqu\u00ed<\/p>\n<p><iframe loading=\"lazy\" frameborder=\"0\" height=\"1592\" marginheight=\"0\" marginwidth=\"0\" src=\"https:\/\/docs.google.com\/forms\/d\/e\/1FAIpQLScVUgyHeK4hOeGPtg1ADrBknyUeIaGGNPqNAp_6Qh2OELi76w\/viewform?embedded=true\" width=\"640\">Cargando\u2026<\/iframe><\/p>\n","protected":false},"excerpt":{"rendered":"<p>Junto a la Escuela para Emprendedores brindamos este taller de manera virtual\u00a0 sum\u00e1ndote al grupo cerrado de facebook CLAVES PARA [&hellip;]<\/p>\n","protected":false},"author":2,"featured_media":0,"parent":0,"menu_order":0,"comment_status":"closed","ping_status":"closed","template":"","meta":[],"_links":{"self":[{"href":"https:\/\/quasarcomunicacion.com.ar\/web\/wp-json\/wp\/v2\/pages\/9938"}],"collection":[{"href":"https:\/\/quasarcomunicacion.com.ar\/web\/wp-json\/wp\/v2\/pages"}],"about":[{"href":"https:\/\/quasarcomunicacion.com.ar\/web\/wp-json\/wp\/v2\/types\/page"}],"author":[{"embeddable":true,"href":"https:\/\/quasarcomunicacion.com.ar\/web\/wp-json\/wp\/v2\/users\/2"}],"replies":[{"embeddable":true,"href":"https:\/\/quasarcomunicacion.com.ar\/web\/wp-json\/wp\/v2\/comments?post=9938"}],"version-history":[{"count":1,"href":"https:\/\/quasarcomunicacion.com.ar\/web\/wp-json\/wp\/v2\/pages\/9938\/revisions"}],"predecessor-version":[{"id":9939,"href":"https:\/\/quasarcomunicacion.com.ar\/web\/wp-json\/wp\/v2\/pages\/9938\/revisions\/9939"}],"wp:attachment":[{"href":"https:\/\/quasarcomunicacion.com.ar\/web\/wp-json\/wp\/v2\/media?parent=9938"}],"curies":[{"name":"wp","href":"https:\/\/api.w.org\/{rel}","templated":true}]}}