{"id":9469,"date":"2019-07-24T20:42:52","date_gmt":"2019-07-24T23:42:52","guid":{"rendered":"https:\/\/quasarcomunicacion.com.ar\/web\/?page_id=9469"},"modified":"2019-07-24T20:42:52","modified_gmt":"2019-07-24T23:42:52","slug":"packwhatsapp","status":"publish","type":"page","link":"https:\/\/quasarcomunicacion.com.ar\/web\/packwhatsapp\/","title":{"rendered":"Pack \u00abAprend\u00e9 a usar Whatsapp para vender m\u00e1s\u00bb"},"content":{"rendered":"<p dir=\"ltr\">Material 100% pr\u00e1ctico para que aprendas a usar Whatsapp para la atenci\u00f3n al cliente y potenciar tus ventas. Podr\u00e1s manejar las nuevas herramientas gratuitas y conocer los secretos ! Aprender\u00e1s a sacarle el jugo a Whatsapp y a Whatsapp Business.<\/p>\n<p>En esta red social es donde las personas pasan m\u00e1s tiempo por d\u00eda. Tus posibles clientes est\u00e1n ah\u00ed y tus clientes tambi\u00e9n, y no pod\u00e9s dejar pasar la oportunidad de contactarte y VENDERLES.<\/p>\n<pre><span style=\"color: #993300;\"><span style=\"color: #993300;\"><a href=\"https:\/\/www.mercadopago.com\/mla\/checkout\/start?pref_id=15404220-0d25329e-988f-4915-8c09-5abb3f001286\">ADQUIR\u00cdA AHORA TU PACK A $ 500<\/a><\/span> Y PAGALO COMO QUIERAS!\n\n<strong>Pod\u00e9s abonar en un Rapipago o Pago F\u00e1cil solicitando una carga a tarjeta UALA DNI 24623711 \no por dep\u00f3sito o transferencia bancaria alias mfipata2017\n<\/strong><\/span><\/pre>\n<p>&nbsp;<\/p>\n<p>Y as\u00ed como est\u00e1n tus clientes, TU EMPRENDIMIENTO tiene que estar ahi de la forma m\u00e1s profesional posible.<\/p>\n<p><span style=\"text-decoration: underline;\"><span style=\"color: #ff0000; text-decoration: underline;\"><a style=\"font-family: Consolas, Monaco, monospace; font-size: 12px;\" href=\"http:\/\/escuelaparaemprendedores.com.ar\/whatsapp\/\" target=\"_blank\" rel=\"noopener noreferrer\"><span style=\"color: #ff0000; text-decoration: underline;\">Preinscribite al pr\u00f3ximo taller presencial u online<\/span><\/a><\/span><\/span><\/p>\n<p>&nbsp;<\/p>\n<pre><span style=\"font-family: Georgia, 'Times New Roman', 'Bitstream Charter', Times, serif; font-size: 13px;\">Nuestro objetivo es que consigas MEJORAR TUS VENTAS aplicando lo que aprender\u00e1s con esta herramienta gratuita y que seguro ya ten\u00e9s en tu celular, pero no explot\u00e1s al m\u00e1ximo. Dejanos tus datos aqu\u00ed y te enviamos el temario y m\u00e1s detalles del taller.<\/span><\/pre>\n<p dir=\"ltr\"><strong>REQUISITOS para implementar lo aprendido<\/strong>: S\u00f3lo ten\u00e9s que tener un tel\u00e9fono con conexi\u00f3n a internet y whatsapp instalado, recomendamos que sea WHATSAPP BUSINESS para sacarle el mayor provecho al material<\/p>\n<p dir=\"ltr\"><strong>DESTINATARIOS<\/strong>:\u00a0 profesionales, vendedores, Emprendedores, Comerciantes, Due\u00f1os de negocios y Empresarios<\/p>\n<p>El <strong>PACK INCLUYE:<\/strong> presentaci\u00f3n te\u00f3rica, material de apoyo y video tutoriales<\/p>\n<pre><a href=\"https:\/\/www.mercadopago.com\/mla\/checkout\/start?pref_id=15404220-0d25329e-988f-4915-8c09-5abb3f001286\">ADQUIR\u00cdA AHORA TU PACK A $ 500<\/a> Y PAGALO COMO QUIERAS!\n\n<strong style=\"font-family: Georgia, 'Times New Roman', 'Bitstream Charter', Times, serif; font-size: 13px;\">Pod\u00e9s abonar en un Rapipago o Pago F\u00e1cil solicitando una carga a tarjeta UALA DNI 24623711 o por dep\u00f3sito o transferencia bancaria alias mfipata2017\n\nTEMARIO<\/strong><\/pre>\n<p dir=\"ltr\">1.\u00a0 \u00a0 \u00a0 Introducci\u00f3n<\/p>\n<p dir=\"ltr\">2.\u00a0 \u00a0 \u00a0 C\u00f3mo crear la copia de seguridad de tus chats y contactos<\/p>\n<p dir=\"ltr\">3.\u00a0 \u00a0 \u00a0 C\u00f3mo sincronizar y recuperar el historial de contactos y chats<\/p>\n<p dir=\"ltr\">4.\u00a0 \u00a0 \u00a0 Diferencia entre Whatsapp Business y el tradicional<\/p>\n<p dir=\"ltr\">5.\u00a0 \u00a0 \u00a0 Qu\u00e9 es Whatsapp Business<\/p>\n<p dir=\"ltr\">6.\u00a0 \u00a0 \u00a0 Beneficios de WB<\/p>\n<p dir=\"ltr\">7.\u00a0 \u00a0 \u00a0 Posibilidad de utilizar una l\u00ednea telef\u00f3nica fija<\/p>\n<p dir=\"ltr\">8.\u00a0 \u00a0 \u00a0 Instalaci\u00f3n y configuraci\u00f3n de WhatsApp Business<\/p>\n<p dir=\"ltr\">9.\u00a0 \u00a0 \u00a0 Configuraci\u00f3n de tu negocio \/ creamos el mejor perfil<\/p>\n<p dir=\"ltr\">10. \u00a0 Configuraci\u00f3n de horarios de atenci\u00f3n y autorespuestas<\/p>\n<p dir=\"ltr\">11. \u00a0 C\u00f3mo generar potenciales clientes desde Facebook<\/p>\n<p dir=\"ltr\">12. \u00a0 Creaci\u00f3n del link a Whatsapp<\/p>\n<p dir=\"ltr\">13. \u00a0 C\u00f3mo hacer seguimiento efectivo en WhatsApp para aumentar tus ventas<\/p>\n<p dir=\"ltr\">14. \u00a0 Utilizaci\u00f3n de etiquetas<\/p>\n<p dir=\"ltr\">15. \u00a0 C\u00f3mo hacer publicidad gratuita en WhatsApp: grupos y listas de difusi\u00f3n<\/p>\n<p dir=\"ltr\">16. \u00a0 WhatsApp Stories: c\u00f3mo subir estados que vendan<\/p>\n<p dir=\"ltr\">17. \u00a0 WhatsApp Web<\/p>\n<p dir=\"ltr\">18. \u00a0 An\u00e1lisis de estad\u00edsticas<\/p>\n<p dir=\"ltr\">19. \u00a0 Te llev\u00e1s el link de whatsapp para compartir en tus redes y usar donde quieras<\/p>\n<p dir=\"ltr\">20. \u00a0 C\u00f3mo instalar la api de Whatsapp en tu sitio web para recibir mensajes<\/p>\n<p dir=\"ltr\">21. \u00a0 Dise\u00f1\u00e1 los estados sin ser dise\u00f1ador<\/p>\n<p>&nbsp;<\/p>\n<blockquote>\n<p dir=\"ltr\"><span style=\"color: #993300;\"><strong>Testimonios<\/strong><\/span><\/p>\n<p dir=\"ltr\">\u201cYa tengo business, muchas gracias Fernanda por el empujoncito.\u201d Marcelo Tettamanzi<\/p>\n<p dir=\"ltr\">\u201cMuy buenas herramientas compartidas, \u00e9xitos\u201d Walter Salvarezza<\/p>\n<p dir=\"ltr\">\u00abAhora he logrado organizar mucho mejor los mensajes, hacerles un seguimiento y brindar un mejor servicio a mis clientes y potenciales clientes. Gracias\u00bb, M\u00f3nica<\/p>\n<p>&nbsp;<\/p><\/blockquote>\n","protected":false},"excerpt":{"rendered":"<p>Material 100% pr\u00e1ctico para que aprendas a usar Whatsapp para la atenci\u00f3n al cliente y potenciar tus ventas. Podr\u00e1s manejar [&hellip;]<\/p>\n","protected":false},"author":2,"featured_media":0,"parent":0,"menu_order":0,"comment_status":"open","ping_status":"open","template":"","meta":[],"_links":{"self":[{"href":"https:\/\/quasarcomunicacion.com.ar\/web\/wp-json\/wp\/v2\/pages\/9469"}],"collection":[{"href":"https:\/\/quasarcomunicacion.com.ar\/web\/wp-json\/wp\/v2\/pages"}],"about":[{"href":"https:\/\/quasarcomunicacion.com.ar\/web\/wp-json\/wp\/v2\/types\/page"}],"author":[{"embeddable":true,"href":"https:\/\/quasarcomunicacion.com.ar\/web\/wp-json\/wp\/v2\/users\/2"}],"replies":[{"embeddable":true,"href":"https:\/\/quasarcomunicacion.com.ar\/web\/wp-json\/wp\/v2\/comments?post=9469"}],"version-history":[{"count":0,"href":"https:\/\/quasarcomunicacion.com.ar\/web\/wp-json\/wp\/v2\/pages\/9469\/revisions"}],"wp:attachment":[{"href":"https:\/\/quasarcomunicacion.com.ar\/web\/wp-json\/wp\/v2\/media?parent=9469"}],"curies":[{"name":"wp","href":"https:\/\/api.w.org\/{rel}","templated":true}]}}