{"id":9434,"date":"2019-07-12T11:32:54","date_gmt":"2019-07-12T14:32:54","guid":{"rendered":"https:\/\/quasarcomunicacion.com.ar\/web\/?page_id=9434"},"modified":"2019-07-12T11:32:54","modified_gmt":"2019-07-12T14:32:54","slug":"clavesparatusitioweb","status":"publish","type":"page","link":"https:\/\/quasarcomunicacion.com.ar\/web\/clavesparatusitioweb\/","title":{"rendered":"Pack Claves para tener tu sitio web"},"content":{"rendered":"<p style=\"text-align: center;\"><em><strong>Ideal para aquellos que est\u00e1n pensando en tener una p\u00e1gina web o ya poseen una.<\/strong><\/em><br \/>\n<em><strong>Todos sabemos la importancia de estar en internet, y nuestro emprendimiento no puede estar ajeno a esta realidad. Hoy tener una p\u00e1gina web est\u00e1 al alcance de todos, por eso vamos a conocer todos los aspectos que deber\u00e1s tener en cuenta a la hora de pensar en una y evaluar contratar a un profesional para su realizaci\u00f3n.<\/strong><\/em><\/p>\n<h3><a href=\"https:\/\/www.mercadopago.com\/mla\/checkout\/start?pref_id=15404220-48b0a7bd-045b-4eb4-a66d-89c2994bbc57\" target=\"_blank\" rel=\"noopener noreferrer\"><strong style=\"font-size: 13px;\">ADQUIR\u00cd TU PACK AHORA A<\/strong><\/a><span style=\"font-size: 13px;\"><a href=\"https:\/\/www.mercadopago.com\/mla\/checkout\/start?pref_id=15404220-48b0a7bd-045b-4eb4-a66d-89c2994bbc57\" target=\"_blank\" rel=\"noopener noreferrer\"> $ 200<\/a>\u00a0 <a class=\"red-ar-l-rn-none\" href=\"https:\/\/www.mercadopago.com\/mla\/checkout\/start?pref_id=15404220-48b0a7bd-045b-4eb4-a66d-89c2994bbc57\" name=\"MP-payButton\">Pagar con tarjeta de cr\u00e9dito<\/a><br \/>\n<script type=\"text\/javascript\">\/\/ <![CDATA[\n(function(){function $MPC_load(){window.$MPC_loaded !== true &#038;&#038; (function(){var s = document.createElement(\"script\");s.type = \"text\/javascript\";s.async = true;s.src = document.location.protocol+\"\/\/secure.mlstatic.com\/mptools\/render.js\";var x = document.getElementsByTagName('script')[0];x.parentNode.insertBefore(s, x);window.$MPC_loaded = true;})();}window.$MPC_loaded !== true ? (window.attachEvent ?window.attachEvent('onload', $MPC_load) : window.addEventListener('load', $MPC_load, false)) : null;})();\n\/\/ ]]><\/script><br \/>\nSi desean abonar por RapiPago o Pago F\u00e1cil hacerlo mencionando a Ual\u00e1 DNI 24623711. Luego informar el pago a info@quasarcomunicacion.com.ar<\/span><\/h3>\n<p>Ver todos los m\u00e9todos de pago\u00a0<a href=\"https:\/\/quasarcomunicacion.com.ar\/web\/metodosdepago\/\">https:\/\/quasarcomunicacion.com.ar\/web\/metodosdepago\/<\/a><\/p>\n<p style=\"text-align: left;\"><span style=\"text-decoration: underline;\"><strong><span style=\"color: #339966; text-decoration: underline;\">TEM<\/span><\/strong><\/span><strong><span style=\"color: #339966; text-decoration-line: underline;\">ARIO RESUMIDO<\/span><\/strong><\/p>\n<p><img class=\"alignright\" alt=\"Qu\u00c3\u00a9 vas a aprender\" src=\"https:\/\/www.quasarcomunicacion.com.ar\/news\/contenido.gif\" \/><\/p>\n<p>&#8211; La importancia de tu marca en internet<br \/>\n&#8211; \u00bfC\u00f3mo registrar tu marca en internet?<br \/>\n&#8211; Partes de un dominio: nombre, extensiones, etc<br \/>\n&#8211; \u00bfQu\u00e9 es y qu\u00e9 no es una p\u00e1gina web<br \/>\n&#8211; Opciones de p\u00e1gina web<br \/>\n&#8211; Servicios de hosting y delegaciones<br \/>\n&#8211; Cosas a considerar al contratar un dise\u00f1ador web: claves de acceso, copia de seguridad, actualizaciones, sitio responsive, autoadministrable, etc<br \/>\n&#8211; La importancia de los mails corporativos<br \/>\n&#8211; Marketing de contenido para mejorar el posicionamiento<br \/>\n&#8211; \u00bfPor qu\u00e9 tener el certificado de seguridad?<br \/>\n&#8211; \u00bfQu\u00e9 tener en cuenta al pensar en una tienda virtual?<br \/>\n&#8211; La importancia de las estad\u00edsticas y el posicionamiento posicionamiento en Google y mucho m\u00e1s<\/p>\n<p>No es necesario contar con conocimientos previos.<\/p>\n<h2><strong style=\"font-size: 13px;\"><span style=\"text-decoration: underline;\"><span style=\"color: #339966; text-decoration: underline;\">EL PACK INCLUYE<\/span><\/span><\/strong><\/h2>\n<p><img class=\"alignright\" alt=\"Lo que te llev\u00c3\u00a1s\" src=\"https:\/\/www.quasarcomunicacion.com.ar\/news\/regalo.gif\" \/><\/p>\n<ul>\n<li>Grabaci\u00f3n del webinar en vivo con la presentaci\u00f3n audiovisual completa<\/li>\n<li>Presentaci\u00f3n te\u00f3rica completa<\/li>\n<li>Material de Apoyo<\/li>\n<li>Tutor\u00eda online para registrar tu dominio<\/li>\n<li>Voucher de descuento para el desarrollo de tu pr\u00f3xima web<\/li>\n<li>1 a\u00f1o de hosting gratuito para tu pr\u00f3xima web desarrollada por Qu\u00e1sar Comunicaci\u00f3n<\/li>\n<\/ul>\n<p style=\"text-align: left;\"><strong><span style=\"color: #008000;\"><img loading=\"lazy\" class=\"alignright\" alt=\"\" src=\"https:\/\/www.quasarcomunicacion.com.ar\/news\/personas.png\" width=\"150\" height=\"150\" \/>DESTINATARIOS<\/span><\/strong><\/p>\n<p style=\"text-align: left;\"><span style=\"font-size: small;\">Emprendedores, artesanos, profesionales, comerciantes, estudiantes. Personas con un emprendimiento en marcha o con la idea de desarrollar alguna actividad econ\u00f3mica y que deseen ofrecer sus productos y servicios por internet o valerse del pago electr\u00f3nico.<br \/>\nEmprendedores que desean ofrecer sus productos y servicios en tiendas on line. <\/span><\/p>\n<p style=\"text-align: left;\"><span style=\"font-size: small;\">Emprendedores con locales f\u00edsicos o profesionales que desean incorporar el pago electr\u00f3nico.\u00a0<\/span><\/p>\n<p><span style=\"color: #993300;\"><strong>\u00a0LOS EMPRENDEDORES DICEN:\u00a0<\/strong><\/span><\/p>\n<p><em>\u00abGracias Fer, muy claro como todo lo que explic\u00e1s\u00bb, Paula de Mundo Agua<\/em><\/p>\n<p><em>\u00abCoincido, aprend\u00ed mucho y me dejaste todo m\u00e1s claro y m\u00e1s segura. Muchas gracias\u00bb, Yamel.<\/em><\/p>\n<p><em>\u00abMuy buena informaci\u00f3n, muy clara\u00bb, Soledad Fraga<\/em><\/p>\n<p><em>\u00a0\u00abEstoy empezando a darle importancia, me pareci\u00f3 muy buena info y necesaria, ya que para algunos de los emprendedores que nos dedicamos a otros rubros es chino b\u00e1sico el tema pagina web. Muy interesante todo lo que tenemos que tener en cuenta a la hora de contratar un dise\u00f1ador web. Gracias Fer!!\u00bb, Mariela Machado de Tienda Blue<\/em><\/p>\n<p>\u00abExcelente la capacitacion, aprend\u00ed mucho y quiero seguir aprendiendo para tener mi web. Quiero la presentacion. Gracias\u00bb, Anah\u00ed Cossia<\/p>\n","protected":false},"excerpt":{"rendered":"<p>Ideal para aquellos que est\u00e1n pensando en tener una p\u00e1gina web o ya poseen una. Todos sabemos la importancia de [&hellip;]<\/p>\n","protected":false},"author":2,"featured_media":0,"parent":0,"menu_order":0,"comment_status":"open","ping_status":"open","template":"","meta":[],"_links":{"self":[{"href":"https:\/\/quasarcomunicacion.com.ar\/web\/wp-json\/wp\/v2\/pages\/9434"}],"collection":[{"href":"https:\/\/quasarcomunicacion.com.ar\/web\/wp-json\/wp\/v2\/pages"}],"about":[{"href":"https:\/\/quasarcomunicacion.com.ar\/web\/wp-json\/wp\/v2\/types\/page"}],"author":[{"embeddable":true,"href":"https:\/\/quasarcomunicacion.com.ar\/web\/wp-json\/wp\/v2\/users\/2"}],"replies":[{"embeddable":true,"href":"https:\/\/quasarcomunicacion.com.ar\/web\/wp-json\/wp\/v2\/comments?post=9434"}],"version-history":[{"count":0,"href":"https:\/\/quasarcomunicacion.com.ar\/web\/wp-json\/wp\/v2\/pages\/9434\/revisions"}],"wp:attachment":[{"href":"https:\/\/quasarcomunicacion.com.ar\/web\/wp-json\/wp\/v2\/media?parent=9434"}],"curies":[{"name":"wp","href":"https:\/\/api.w.org\/{rel}","templated":true}]}}