{"id":8925,"date":"2019-01-04T12:45:32","date_gmt":"2019-01-04T15:45:32","guid":{"rendered":"https:\/\/quasarcomunicacion.com.ar\/web\/?page_id=8925"},"modified":"2023-06-22T13:03:45","modified_gmt":"2023-06-22T13:03:45","slug":"seo","status":"publish","type":"page","link":"https:\/\/quasarcomunicacion.com.ar\/web\/seo\/","title":{"rendered":"Posicionamos tu empresa en Google y Meta"},"content":{"rendered":"<p><b>Te ofrecemos el servicio de Google Ads y Meta Ads<\/b><\/p>\n<h2 style=\"text-align: center;\"><span style=\"color: #ff0000;\"><b>Posicionamos tu marca en los primeros resultados de b\u00fasqueda en Google<\/b><\/span><\/h2>\n<blockquote>\n<div id=\"_V4MvXPm0Fsa6wATarLXYDw28\" role=\"tab\" data-rtid=\"ik_2VgJzeK5E\">\n<div tabindex=\"0\" data-kt=\"KjC71r_59LKFqYsB4vzo9eS4lsBQv7ODnd3Y7s3LAYLtnaKc95n1f6X3jdnd0L_45QE\" data-hveid=\"CAUQGw\" data-ved=\"2ahUKEwi5vO_uv9TfAhVGHZAKHVpWDfsQuk4oAHoECAUQGw\">\u00bfQu\u00e9 es el posicionamiento de una p\u00e1gina web?<\/div>\n<\/div>\n<div id=\"_V4MvXPm0Fsa6wATarLXYDw27\" role=\"tabpanel\" data-rtid=\"ik_2VgJzeK5E\">\n<div id=\"_V4MvXPm0Fsa6wATarLXYDw29\" data-hveid=\"CAUQHA\" data-ved=\"2ahUKEwi5vO_uv9TfAhVGHZAKHVpWDfsQu04oAXoECAUQHA\">\n<div data-md=\"61\">\n<div role=\"heading\" data-hveid=\"CAUQHQ\">El\u00a0<b>posicionamiento web<\/b>\u00a0es el proceso de aumentar la visibilidad de nuestra\u00a0<b>pagina web<\/b>\u00a0en los resultados de b\u00fasqueda org\u00c1icos de los diferentes buscadores. Se lo conoce tambi\u00e9n como SEO (Search Engine Optimization).<\/div>\n<div role=\"heading\" data-hveid=\"CAUQHQ\"><\/div>\n<p><a href=\"https:\/\/quasarcomunicacion.com.ar\/web\/wp-content\/uploads\/2020\/03\/image009.png\"><img class=\"aligncenter\" src=\"https:\/\/quasarcomunicacion.com.ar\/web\/wp-content\/uploads\/2020\/03\/image009.png\" \/><\/a><\/p>\n<div role=\"heading\" data-hveid=\"CAUQHQ\"><\/div>\n<\/div>\n<\/div>\n<\/div>\n<\/blockquote>\n<p><b>Google es el principal motor de b\u00fasqueda de internet. En \u00e9l se realiza el 97% de las b\u00fasquedas a nivel mundial. Se estima que, en promedio, una persona realiza tres b\u00fasquedas al d\u00eda, de las cuales el 50% est\u00e1n relacionadas a las ventas. Nuestros expertos certificados en Google Ads optimizar\u00e1n todas tus campa\u00f1as para atraer el target espec\u00edfico.<\/b><\/p>\n<p><span style=\"color: #ff0000;\"><b>Servicio<\/b><\/span><\/p>\n<p><b>Estructurado, gesti\u00f3n y optimizaci\u00f3n constante de campa\u00f1as en Google Ads para aprovechar al m\u00e1ximo la inversi\u00f3n, generando oportunidades de negocios a trav\u00e9s de la misma.<\/b><\/p>\n<p><strong>Objetivos Comerciales:<\/strong>\u00a0Creamos la estrategia digital acorde a tus objetivos comerciales. Realizamos tanto campa\u00f1as de Performance en Search o Branding en Display.<\/p>\n<ul>\n<li>\u00a0<strong>KeyWords:<\/strong>\u00a0Seleccionamos las mejores palabras claves para tus productos o servicios. Realizamos una minuciosa investigaci\u00f3n de la competencia en Google Ads.<\/li>\n<li>\u00a0<strong>Audiencias:<\/strong>\u00a0Segmentamos tu p\u00fablico objetivo para llegar a tus potenciales clientes de manera efectiva. Generamos Audiencias Personalizadas y P\u00fablicos de Re-Marketing.<\/li>\n<li>\u00a0<strong>Analytics:<\/strong>\u00a0Integraci\u00f3n con Google Analytics para saber todo lo que sucede en tu sitio web. Saber cu\u00e1l es el comportamiento del usuario en tu sitio web y c\u00f3mo optimizarlo.<\/li>\n<\/ul>\n<p>Requerimientos m\u00ednimos: tener una p\u00e1gina web, acceso al administrador y certificado de seguridad<\/p>\n<h2><span style=\"color: #ff0000;\"><strong>Qu\u00e9 necesitamos para hacer el trabajo?<\/strong><\/span><\/h2>\n<p><strong>Caso ideal<\/strong>:\u00a0Sitio web responsive con acceso de administrador para poder medir con Google Analytics<\/p>\n<p><strong>Otros casos:<\/strong><br \/>\nSitio web no responsive, tambi\u00e9n puede funcionar, pero siempre recomendamos que el sitio sea responsive ya que los acceso desde celulares son los m\u00e1s demandados. Si el sitio no es responsive, s\u00f3lo se armar\u00e1n campa\u00f1as orientadas a PC de escritorio. Tambi\u00e9n se puede hacer adwords a una ficha de Google, por lo cual tener p\u00e1gina web no es requisito ineludible.<\/p>\n<p>En cuanto al certificado de seguridad SSL no es 100% necesario tenerlo para poder trabajar adwords. Pero Google mira con mejores ojos las p\u00e1ginas que si lo tienen.<\/p>\n<p>Tambi\u00e9n podemos hacer posicionamiento en Google maps\u00a0 mediante extensiones de adwords, como as\u00ed tambi\u00e9n en Google Shopping.<\/p>\n<h2 style=\"text-align: center;\"><span style=\"color: #ff0000;\"><b>Promocionamos tu marca en Meta<br \/>\n(Facebook, Instagram, Whatsapp)<\/b><\/span><\/h2>\n<p>\u2022 Manejo integral de estrategias, implementaci\u00f3n y optimizaci\u00f3n de Facebook &amp; Instagram Ads.<br \/>\n\u2022 Acciones de remarketing para publicitar al p\u00fablico que interact\u00faa anteriormente<br \/>\n\u2022 Seguimiento mediante m\u00e9tricas<br \/>\n\u2022\u00a0Propuestas\u00a0de cambios y mejoras<br \/>\n\u2022 Confecci\u00f3n de informes<\/p>\n<p>*No incluye la respuesta a consultas que los clientes realicen en la red, esto mismo queda a cargo del cliente.<\/p>\n<p>Plataformas y herramientas a utilizar:<\/p>\n<p>Facebook Ads<br \/>\nInstagram Ads<br \/>\nFacebook Pixel<br \/>\nGoogle Analytics<\/p>\n<p><span style=\"color: #ff0000;\">SOLICIT\u00c1 M\u00c1S INFO AQU\u00cd\u00a0<\/span><\/p>\n<p><iframe loading=\"lazy\" frameborder=\"0\" height=\"1171\" marginheight=\"0\" marginwidth=\"0\" src=\"https:\/\/docs.google.com\/forms\/d\/e\/1FAIpQLSf7p0umiFwyUqYvHEDoxsUjfR_mXHpBPVzhaKA-830ZYG6wBg\/viewform?embedded=true\" width=\"640\"><\/iframe><\/p>\n","protected":false},"excerpt":{"rendered":"<p>Te ofrecemos el servicio de Google Ads y Meta Ads Posicionamos tu marca en los primeros resultados de b\u00fasqueda en [&hellip;]<\/p>\n","protected":false},"author":2,"featured_media":0,"parent":0,"menu_order":0,"comment_status":"open","ping_status":"open","template":"","meta":[],"_links":{"self":[{"href":"https:\/\/quasarcomunicacion.com.ar\/web\/wp-json\/wp\/v2\/pages\/8925"}],"collection":[{"href":"https:\/\/quasarcomunicacion.com.ar\/web\/wp-json\/wp\/v2\/pages"}],"about":[{"href":"https:\/\/quasarcomunicacion.com.ar\/web\/wp-json\/wp\/v2\/types\/page"}],"author":[{"embeddable":true,"href":"https:\/\/quasarcomunicacion.com.ar\/web\/wp-json\/wp\/v2\/users\/2"}],"replies":[{"embeddable":true,"href":"https:\/\/quasarcomunicacion.com.ar\/web\/wp-json\/wp\/v2\/comments?post=8925"}],"version-history":[{"count":3,"href":"https:\/\/quasarcomunicacion.com.ar\/web\/wp-json\/wp\/v2\/pages\/8925\/revisions"}],"predecessor-version":[{"id":12281,"href":"https:\/\/quasarcomunicacion.com.ar\/web\/wp-json\/wp\/v2\/pages\/8925\/revisions\/12281"}],"wp:attachment":[{"href":"https:\/\/quasarcomunicacion.com.ar\/web\/wp-json\/wp\/v2\/media?parent=8925"}],"curies":[{"name":"wp","href":"https:\/\/api.w.org\/{rel}","templated":true}]}}