{"id":8736,"date":"2019-04-01T14:49:19","date_gmt":"2019-04-01T17:49:19","guid":{"rendered":"https:\/\/quasarcomunicacion.com.ar\/web\/?page_id=8736"},"modified":"2020-06-18T16:48:20","modified_gmt":"2020-06-18T16:48:20","slug":"venderycobrarporinternet","status":"publish","type":"page","link":"https:\/\/quasarcomunicacion.com.ar\/web\/venderycobrarporinternet\/","title":{"rendered":"C\u00f3mo vender y cobrar por internet &#8211; Preparate para el HOT SALE"},"content":{"rendered":"<p><span style=\"font-family: Verdana; font-size: small;\">El pr\u00f3ximo s\u00e1bado 20 de junio a las 16 hs, junto a la <strong>Escuela para Emprendedores<\/strong> de <strong>Pilar Emprende by Emprender Hoy<\/strong> brindaremos una nueva charla online <b>\u00abC\u00f3mo vender y cobrar por Internet: preparate para el HOT SALE\u00bb<\/b>. <\/span><span style=\"font-family: Verdana;\"><span style=\"font-size: small;\">Para tomar la capacitaci\u00f3n s\u00f3lo se necesita una PC, notebook o celular con conexi\u00f3n a internet.\u00a0Inscribite aqu\u00ed\u00a0http:\/\/bit.ly\/venderycobrarxinternet o en el formulario debajo<\/span><\/span><\/p>\n<p>S\u00e1bado 20 de junio de 2020 &#8211; 16 hs<br \/>\n<strong>Duraci\u00f3n aproximada:<\/strong> 90 minutos<br \/>\n<strong>Nivel<\/strong>: b\u00e1sico \/ intermedio<br \/>\n<strong>Requerimientos t\u00e9cnicos:\u00a0<\/strong> Solo necesit\u00e1s una computadora, tablet, notbook o tel\u00e9fono con conexi\u00f3n a internet<\/p>\n<p><strong>INVERSION<\/strong>: $ 500.-<\/p>\n<p><script src=\"https:\/\/www.mercadopago.com.ar\/integrations\/v1\/web-payment-checkout.js\" data-preference-id=\"15404220-b321ad66-a51f-4cd4-8b41-da902cdf7038\">\n<\/script><\/p>\n<p><span style=\"color: #ff0000; font-size: 1.5em;\">Te vamos a dar las claves para vender m\u00e1s este HOT SALE \u00bfc\u00f3mo? <\/span><\/p>\n<p><img class=\"alignright\" src=\"https:\/\/www.quasarcomunicacion.com.ar\/news\/contenido.gif\" alt=\"Qu\u00c3\u00a9 vas a aprender\" \/><\/p>\n<p><span style=\"color: #ff0000; font-size: 1.5em;\">Aprendiendo&#8230;<\/span><\/p>\n<p>\u2013 \u00bfQu\u00e9 es el e-commerce?<br \/>\n\u2013 \u00bfQu\u00e9 es el Hot Sale?<br \/>\n\u2013 Algunos n\u00fameros par entender Por qu\u00e9 deb\u00e9s incorporar el pago electr\u00f3nico a tu emprendimiento<br \/>\n&#8211; Ventajas del Comercio Electr\u00f3nico<br \/>\n&#8211; Primeros pasos<br \/>\n\u2013 Tipos de plataformas de venta on line: marketplace, cuponeras, tiendas en redes sociales, last miler, tienda web propia, aplicaci\u00f3n propia<br \/>\n\u2013 C\u00f3mo armar tu tienda en Facebook y crear ofertas<br \/>\n\u2013 Informaci\u00f3n adicional sobre tiendas en facebook<br \/>\n&#8211; Introducci\u00f3n a Instagram Shopping<br \/>\n&#8211; P\u00e1ginas de productos en LinkedIn<br \/>\n&#8211; Medios de pago electr\u00f3nico<br \/>\n\u2013 Cobros a trav\u00e9s de Mercado Pago, Todo Pago, UALA, etc<br \/>\n\u2013 Cobr\u00e1 y pag\u00e1 desde tu celular<br \/>\n\u2013 Cobr\u00e1 con tarjeta de cr\u00e9dito y d\u00e9bito con tu pos<br \/>\n&#8211; Cobr\u00e1 desde tu tienda<br \/>\n&#8211; Cre\u00e1 el cat\u00e1logo en Mercado Pago<br \/>\n\u2013 Claves para vender por whatsapp<br \/>\n&#8211; Cre\u00e1 tu cat\u00e1logo en Whatsapp<br \/>\n\u2013 C\u00f3mo prepararte para el Hot Sale Check List<br \/>\n&#8211; Google My Business<br \/>\n&#8211; Mis productos en Google My Business<br \/>\n&#8211; C\u00f3mo armar tu cat\u00e1logo digital<br \/>\n&#8211; Difund\u00ed tu tienda online<br \/>\n&#8211; Check list para el Hot Sale<br \/>\n&#8211; Algunas acciones de marketing para el Hot Sale<\/p>\n<p>No es necesario contar con conocimientos previos.<\/p>\n<p><strong style=\"font-size: 13px;\"><span style=\"text-decoration: underline;\"><span style=\"color: #339966; text-decoration: underline;\">LA INSCRIPCI\u00d3N\u00a0 INCLUYE<\/span><\/span><\/strong><\/p>\n<p><img class=\"alignright\" src=\"https:\/\/www.quasarcomunicacion.com.ar\/news\/regalo.gif\" alt=\"Lo que te llev\u00c3\u00a1s\" \/><\/p>\n<ul>\n<li>Presentaci\u00f3n audiovisual<\/li>\n<li>Informaci\u00f3n adicional sobre tiendas en facebook<\/li>\n<li>E Book Check List para el Hot Sale<\/li>\n<li>E Book E commerce 2020<\/li>\n<li>E Book Planific\u00e1 tus acciones de Marketing para el Hot Sale<\/li>\n<li>Certificados de asistencia<\/li>\n<\/ul>\n<p style=\"text-align: left;\"><strong><span style=\"color: #008000;\"><img loading=\"lazy\" class=\"alignright\" src=\"https:\/\/www.quasarcomunicacion.com.ar\/news\/personas.png\" alt=\"\" width=\"150\" height=\"150\" \/>DESTINATARIOS<\/span><\/strong><\/p>\n<p style=\"text-align: left;\"><span style=\"font-size: small;\">Emprendedores, artesanos, profesionales, comerciantes, estudiantes. Personas con un emprendimiento en marcha o con la idea de desarrollar alguna actividad econ\u00f3mica y que deseen ofrecer sus productos y servicios por internet o valerse del pago electr\u00f3nico.<br \/>\nEmprendedores que desean ofrecer sus productos y servicios en tiendas on line.<br \/>\n<\/span><span style=\"font-size: small;\">Emprendedores con locales f\u00edsicos o profesionales que desean incorporar el pago electr\u00f3nico.\u00a0<\/span><\/p>\n<p>\u00a0<iframe loading=\"lazy\" frameborder=\"0\" height=\"2139\" marginheight=\"0\" marginwidth=\"0\" src=\"https:\/\/docs.google.com\/forms\/d\/e\/1FAIpQLScBBxTp4LqIv0U8ibObTRUw8AKuEo50SZklg9ym9NgvlbqNkQ\/viewform?embedded=true\" width=\"640\"><\/iframe><\/p>\n","protected":false},"excerpt":{"rendered":"<p>El pr\u00f3ximo s\u00e1bado 20 de junio a las 16 hs, junto a la Escuela para Emprendedores de Pilar Emprende by [&hellip;]<\/p>\n","protected":false},"author":2,"featured_media":0,"parent":0,"menu_order":0,"comment_status":"open","ping_status":"open","template":"","meta":[],"_links":{"self":[{"href":"https:\/\/quasarcomunicacion.com.ar\/web\/wp-json\/wp\/v2\/pages\/8736"}],"collection":[{"href":"https:\/\/quasarcomunicacion.com.ar\/web\/wp-json\/wp\/v2\/pages"}],"about":[{"href":"https:\/\/quasarcomunicacion.com.ar\/web\/wp-json\/wp\/v2\/types\/page"}],"author":[{"embeddable":true,"href":"https:\/\/quasarcomunicacion.com.ar\/web\/wp-json\/wp\/v2\/users\/2"}],"replies":[{"embeddable":true,"href":"https:\/\/quasarcomunicacion.com.ar\/web\/wp-json\/wp\/v2\/comments?post=8736"}],"version-history":[{"count":13,"href":"https:\/\/quasarcomunicacion.com.ar\/web\/wp-json\/wp\/v2\/pages\/8736\/revisions"}],"predecessor-version":[{"id":10284,"href":"https:\/\/quasarcomunicacion.com.ar\/web\/wp-json\/wp\/v2\/pages\/8736\/revisions\/10284"}],"wp:attachment":[{"href":"https:\/\/quasarcomunicacion.com.ar\/web\/wp-json\/wp\/v2\/media?parent=8736"}],"curies":[{"name":"wp","href":"https:\/\/api.w.org\/{rel}","templated":true}]}}