{"id":8674,"date":"2018-09-29T18:51:54","date_gmt":"2018-09-29T21:51:54","guid":{"rendered":"https:\/\/quasarcomunicacion.com.ar\/web\/?page_id=8674"},"modified":"2018-09-29T18:51:54","modified_gmt":"2018-09-29T21:51:54","slug":"materialteoricotrucosefectivosfacebook","status":"publish","type":"page","link":"https:\/\/quasarcomunicacion.com.ar\/web\/materialteoricotrucosefectivosfacebook\/","title":{"rendered":"Material te\u00f3rico Trucos Efectivos de Facebook para Vender M\u00e1s"},"content":{"rendered":"<h1 style=\"text-align: center;\"><em>Los aprend\u00e9s, los aplic\u00e1s y mir\u00e1s los resultados!<\/em><\/h1>\n<address style=\"text-align: center;\"><strong><span style=\"color: #ff0000;\">\u00a0<\/span><\/strong><\/address>\n<address style=\"text-align: center;\">\n<p style=\"text-align: left;\"><span style=\"color: #ff0000;\"><strong>El pack incluye:<\/strong><\/span><\/p>\n<p style=\"text-align: left;\">Grabaci\u00f3n del webinar para verlo cuantas veces necesites<\/p>\n<p style=\"text-align: left;\">Presentaci\u00f3n te\u00f3rica en formato .pdf<\/p>\n<p style=\"text-align: left;\">Modelo de an\u00e1lisis de tu emprendimiento para completar<\/p>\n<p style=\"text-align: left;\">E-book con el tama\u00f1o de im\u00e1genes correctas para tus posts en las redes sociales<\/p>\n<p style=\"text-align: left;\">Planilla para planificar tus posteo y realizar el seguimiento de metas<\/p>\n<p style=\"text-align: left;\">Informaci\u00f3n adicional sobre Tiendas en Facebook<\/p>\n<\/address>\n<p><strong>Nivel<\/strong>: b\u00e1sico \/ intermedio<\/p>\n<p><strong>Requerimientos t\u00e9cnicos<\/strong>: Solo necesit\u00e1s una computadora o tel\u00e9fono con conexi\u00f3n a internet<\/p>\n<p><strong>Inversi\u00f3n<\/strong>: $ 300 Pagar ahora con tarjeta de cr\u00e9dito\u00a0<a href=\"https:\/\/bit.ly\/2Q4zfKf\">https:\/\/bit.ly\/2Q4zfKf<\/a>\u00a0<b>\u00a0<\/b>Si desean abonar por RapiPago o Pago F\u00e1cil hacerlo mencionando a Ual\u00e1 DNI 24623711. Luego informar el pago a info@quasarcomunicacion.com.ar<\/p>\n<p>Ver todos los m\u00e9todos de pago <a href=\"https:\/\/quasarcomunicacion.com.ar\/web\/metodosdepago\/\">https:\/\/quasarcomunicacion.com.ar\/web\/metodosdepago\/<\/a><\/p>\n<h3><span style=\"color: #ff0000;\">\u00a0<span style=\"text-decoration: underline;\">Algunas opiniones de emprendedores que accedieron al material<\/span><\/span><\/h3>\n<p>\u00abExcelente material el de hoy y muy buena clase. Felicitaciones!! Gran trabajo\u00bb Sebasti\u00e1n A.<\/p>\n<p>\u00abMuy buena. Mil gracias\u00bb. Florencia T.<\/p>\n<p>\u00ab\u00a1Felicitaciones!!!! Estuvo excelente!! Genia!! Mucha info valiosa! Si si excelente. Ya estoy bajando el Fan Page M\u00e1nager y pensando en aplicar varias cosas de lo aprendido.\u00bb Natalia R.<\/p>\n<p>\u00abTomamos nuestra capacitaci\u00f3n!! Excelente..muchas gracias!\u00bb Silvia<\/p>\n<p>\u00abGracias!!!! Super contenta con el webinar !\u00bb Elizabeth B.<\/p>\n","protected":false},"excerpt":{"rendered":"<p>Los aprend\u00e9s, los aplic\u00e1s y mir\u00e1s los resultados! \u00a0 El pack incluye: Grabaci\u00f3n del webinar para verlo cuantas veces necesites [&hellip;]<\/p>\n","protected":false},"author":2,"featured_media":0,"parent":0,"menu_order":0,"comment_status":"open","ping_status":"open","template":"","meta":[],"_links":{"self":[{"href":"https:\/\/quasarcomunicacion.com.ar\/web\/wp-json\/wp\/v2\/pages\/8674"}],"collection":[{"href":"https:\/\/quasarcomunicacion.com.ar\/web\/wp-json\/wp\/v2\/pages"}],"about":[{"href":"https:\/\/quasarcomunicacion.com.ar\/web\/wp-json\/wp\/v2\/types\/page"}],"author":[{"embeddable":true,"href":"https:\/\/quasarcomunicacion.com.ar\/web\/wp-json\/wp\/v2\/users\/2"}],"replies":[{"embeddable":true,"href":"https:\/\/quasarcomunicacion.com.ar\/web\/wp-json\/wp\/v2\/comments?post=8674"}],"version-history":[{"count":0,"href":"https:\/\/quasarcomunicacion.com.ar\/web\/wp-json\/wp\/v2\/pages\/8674\/revisions"}],"wp:attachment":[{"href":"https:\/\/quasarcomunicacion.com.ar\/web\/wp-json\/wp\/v2\/media?parent=8674"}],"curies":[{"name":"wp","href":"https:\/\/api.w.org\/{rel}","templated":true}]}}