{"id":8403,"date":"2018-06-15T17:08:36","date_gmt":"2018-06-15T20:08:36","guid":{"rendered":"https:\/\/quasarcomunicacion.com.ar\/web\/?page_id=8403"},"modified":"2020-09-25T18:06:11","modified_gmt":"2020-09-25T18:06:11","slug":"wp","status":"publish","type":"page","link":"https:\/\/quasarcomunicacion.com.ar\/web\/wp\/","title":{"rendered":"Web Autoadministrable b\u00e1sica o One Page"},"content":{"rendered":"<p><strong>Qu\u00e1sar Comunicaci\u00f3n<\/strong> lanza al mercado este servicio para introducir a los emprendedores en el mundo digital poniendo on line su primera p\u00e1gina web, responsive, autoadministrables y escalable para acompa\u00f1ar el crecimiento del proyecto.<\/p>\n<p align=\"center\"><a href=\"https:\/\/drive.google.com\/drive\/u\/1\/search?q=desarrollo%20sitio%20web\"><b>Conoc\u00e9 m\u00e1s sobre nuestro servicio de web b\u00e1sica autoadministrable <\/b><b>o ONE PAGE: simple, directa y r\u00e1pida.<\/b><\/a><\/p>\n<p>Nadie discute hoy la importancia de estar en Internet.<\/p>\n<p>Sitios Webs, Redes Sociales, grupos de Whatsapp, mailing, forman parte de un universo de potencialidades, de oportunidades de darnos a conocer. Es indiscutible que todas las empresas deben tener una P\u00c1GINA WEB donde los clientes o futuros clientes puedan conocer lo que necesitan de ellos: qui\u00e9nes son, qu\u00e9 servicios ofrecen, su localizaci\u00f3n y v\u00edas de contacto.<\/p>\n<p>Hoy en d\u00eda si no est\u00e1s en internet, tu emprendimiento no existe. Y el mundo digital no te da una segunda oportunidad, si no te encuentra, no te compra.<\/p>\n<p><strong>ALGUNOS TRABAJOS REALIZADOS<\/strong><\/p>\n<p style=\"text-align: center;\"><strong> \u00a0 \u00a0 \u00a0 \u00a0 \u00a0 \u00a0 \u00a0 \u00a0 \u00a0 \u00a0 \u00a0 \u00a0 \u00a0 \u00a0 \u00a0 \u00a0 \u00a0 \u00a0 \u00a0 <\/strong>\u00a0 \u00a0 \u00a0 \u00a0 \u00a0 \u00a0 \u00a0 \u00a0 \u00a0 \u00a0 \u00a0 \u00a0 \u00a0 \u00a0 \u00a0 \u00a0 \u00a0 \u00a0\u00a0 \u00a0 \u00a0 \u00a0 \u00a0 \u00a0 \u00a0 \u00a0 \u00a0 \u00a0 \u00a0\u00a0<a href=\"http:\/\/portatilesdelnorte.com.ar\/\">\u00a0<\/a><\/p>\n<table border=\"0\" width=\"100%\" cellspacing=\"0\" cellpadding=\"0\">\n<tbody>\n<tr>\n<th scope=\"col\"><a href=\"https:\/\/quasarcomunicacion.com.ar\/web\/wp-content\/uploads\/2019\/11\/lacabanach.jpg\"><img class=\"alignnone\" src=\"https:\/\/quasarcomunicacion.com.ar\/web\/wp-content\/uploads\/2019\/11\/lacabanach.jpg\" \/><\/a><\/th>\n<th scope=\"col\"><a href=\"https:\/\/quasarcomunicacion.com.ar\/web\/wp-content\/uploads\/2019\/11\/techos.jpg\"><img class=\"alignnone\" src=\"https:\/\/quasarcomunicacion.com.ar\/web\/wp-content\/uploads\/2019\/11\/techos.jpg\" \/><\/a><\/th>\n<th scope=\"col\"><a href=\"https:\/\/quasarcomunicacion.com.ar\/web\/wp-content\/uploads\/2019\/11\/portatiles.jpg\"><img class=\"alignnone\" src=\"https:\/\/quasarcomunicacion.com.ar\/web\/wp-content\/uploads\/2019\/11\/portatiles.jpg\" \/><\/a><\/th>\n<th scope=\"col\"><a href=\"https:\/\/quasarcomunicacion.com.ar\/web\/wp-content\/uploads\/2019\/11\/WEB-REMOLQUES.jpg\"><img class=\"alignnone\" src=\"https:\/\/quasarcomunicacion.com.ar\/web\/wp-content\/uploads\/2019\/11\/WEB-REMOLQUES.jpg\" \/><\/a><\/th>\n<\/tr>\n<tr>\n<td style=\"text-align: center;\"><a href=\"http:\/\/xn--lacabaadeanamaria2-s0b.com.ar\/\" target=\"_blank\" rel=\"noopener noreferrer\">www.lacaba\u00f1adeanamaria2.com.ar<\/a><\/td>\n<td style=\"text-align: center;\"><a href=\"http:\/\/techosalberto.com\" target=\"_blank\" rel=\"noopener noreferrer\">http:\/\/techosalberto.com<\/a><\/td>\n<td style=\"text-align: center;\"><a href=\"http:\/\/portatilesdelnorte.com.ar\" target=\"_blank\" rel=\"noopener noreferrer\">http:\/\/portatilesdelnorte.com.ar<\/a><\/td>\n<td style=\"text-align: center;\"><a href=\"http:\/\/remolquespilar.com.ar\" target=\"_blank\" rel=\"noopener noreferrer\">http:\/\/remolquespilar.com.ar<\/a><\/td>\n<\/tr>\n<\/tbody>\n<\/table>\n<p><a href=\"https:\/\/goo.gl\/forms\/6rK5HLB1rAd1Manm1\" target=\"_blank\" rel=\"noopener noreferrer\"><strong><span style=\"color: #ff0000;\">QUIERO MI WEB AHORA!!<\/span><\/strong><\/a><\/p>\n<p>Para que esto no te pase, te ofrecemos nuestro <b>servicio de Web Autoadministrable b\u00e1sico<\/b>.<\/p>\n<p>Con una <b>experiencia de m\u00e1s de 15 a\u00f1os desarrollando soluciones Web <\/b>para nuestros Clientes aceptamos el desaf\u00edo de llevar sus productos y servicios de la manera m\u00e1s eficiente, y promocionar sus mejores aptitudes en un mercado cada vez m\u00e1s complejo. Una <b>Web autoadmimistrable b\u00e1sica (WAB)<\/b> es la mejor manera de ingresar (o reingresar) al mercado y \u201cdarse a conocer\u201d.<\/p>\n<p>Es dar cuenta de tus potencialidades como gestor, carpintero, artesano, contador, abogado, transportista, dentista, peluquero, etc. Y como si esto fuera poco, la inversi\u00f3n est\u00e1 a tu alcance. Hoy mismo podr\u00e1s tener tu p\u00e1gina web con un a\u00f1o de hosting incluido. De esta manera no tendr\u00e1s ni costos adicionales, ni gastos de mantenimiento y contar\u00e1s con el mejor servicio de asistencia t\u00e9cnica las 24 hs los 365 d\u00edas del a\u00f1o. <b> <\/b> Una <b>WP<\/b> usualmente est\u00e1 disponible a los 7 d\u00edas h\u00e1biles de contratada.<b><\/b> Son visualmente muy agradables, directas y no implican, para el emprendedor que contrata el servicio, un esfuerzo en el armado de los contenidos (textos e im\u00e1genes). Una <b>WAB<\/b>\u00a0refuerza sus acciones en las Redes Sociales. Genera confianza en sus potenciales Clientes ya que ser propietario de un Sitio implica un compromiso mayor que aquel que solo cuenta con presencias en las Redes. Las <b>WAB\u00a0<\/b>desarrolladas por el equipo de <b>Quasar Comunicaci\u00f3n <\/b>son una<span style=\"text-decoration: underline;\"> plataforma de lanzamiento eficiente,<\/span> ya que su estructura modular facilita la inclusi\u00f3n a posteriori de nuevas secciones.<\/p>\n<p><span style=\"color: #ff0000;\"><a href=\"https:\/\/goo.gl\/forms\/6rK5HLB1rAd1Manm1\" target=\"_blank\" rel=\"noopener noreferrer\"><span style=\"color: #ff0000;\"><strong>QUIERO MI WEB!!<\/strong><\/span><\/a><\/span><\/p>\n<p>\u00bfQue significa esto?<b> \u00a0Que creemos firmemente en el potencial de nuestros Clientes,<\/b> por tal motivo creamos un sistema capaz de expandirse al ritmo de su emprendimiento. Podr\u00e1 usar cuentas corporativas, la Web de Presentaci\u00f3n le permitir\u00e1 configurar correos del tipo @tuempresa.com.ar que le dar\u00e1 m\u00e1s seriedad a su proyecto. Tendr\u00e1 estad\u00edsticas para evaluar los resultados y analizar los ingresos a su p\u00e1gina web. <b>\u00a0<\/b> Si est\u00e1s en la b\u00fasqueda de incrementar sus contactos v\u00eda Web, si trabaja en pos de crear nuevas oportunidades de negocios una <b>WP es la v\u00eda r\u00e1pida para alcanzar sus objetivos.<\/b><\/p>\n<p>Ahora no ten\u00e9s ninguna excusa para no tener su propia p\u00e1gina web. Esperamos tu contacto para que tu empresa YA est\u00e9 en internet.<\/p>\n<p><span style=\"text-decoration: underline;\"><strong>ALGUNOS MODELOS<\/strong><\/span> (haciendo click sobre el modelo acceder\u00e1 a la demo)<\/p>\n<ul>\n<li>Centro de est\u00e9tica, peluquer\u00edas, salones de belleza \u00a0 \u00a0<span style=\"text-decoration: underline;\"><a href=\"http:\/\/weebly.com.ar\/demo4\/modelo-41\/\" target=\"_blank\" rel=\"noopener noreferrer\">Modelo 41<\/a><\/span>\u00a0 \u00a0<span style=\"text-decoration: underline;\"> <a href=\"http:\/\/weebly.com.ar\/demo4\/modelo-42\/\">Modelo 42<\/a><\/span>\u00a0 \u00a0<span style=\"text-decoration: underline;\"> <a href=\"http:\/\/weebly.com.ar\/demo4\/modelo-43\/\" target=\"_blank\" rel=\"noopener noreferrer\">Modelo 43<\/a><\/span><\/li>\n<li>Escuela de yoga o similares\u00a0<span style=\"text-decoration: underline;\"><a href=\"http:\/\/weebly.com.ar\/demo4\/modelo-40\/\" target=\"_blank\" rel=\"noopener noreferrer\">Modelo 40<\/a><\/span><\/li>\n<li>Empresas \/ Consultor\u00eda<\/li>\n<li>Dentistas, profesionales<\/li>\n<li>Plomero, oficios<\/li>\n<li>Electricista, oficios, profesiones<\/li>\n<li>Estudio contable, profesionales<\/li>\n<\/ul>\n<p><b>Una vez elegido el modelo, se le carga la info y tiene s\u00f3lo una revisi\u00f3n antes de la publicaci\u00f3n.\u00a0Los contenidos de im\u00e1genes y textos deben ser similares en cuanto a su extensi\u00f3n y cantidad a los que est\u00e1n en las demos.\u00a0<\/b><\/p>\n<p>Estos sitios Web Presentaci\u00f3n s\u00f3lo est\u00e1n disponibles para nuestro Servidor. No se instalan en Servidor de terceros. Sin costos mensuales ni de mantenimiento. Al a\u00f1o deber\u00e1n abonar el servicio de hosting que est\u00e1 bonificado el primer a\u00f1o. Incluye 5 cuentas de e-mail corporativo del tipo info@tuempresa.com.ar<\/p>\n<p>Una vez realizado el pago, tiene 5 d\u00edas h\u00e1biles para enviar la informaci\u00f3n (logos, textos, fotos y modelo elegido). Pasado ese plazo perder\u00e1 la se\u00f1a.<\/p>\n<p><iframe loading=\"lazy\" frameborder=\"0\" height=\"1820\" marginheight=\"0\" marginwidth=\"0\" src=\"https:\/\/docs.google.com\/forms\/d\/e\/1FAIpQLScuDcKkSh2iDc6OX486w2TCav8s9HbqT1CG-wdGw642MWK48Q\/viewform?embedded=true\" width=\"700\"><\/iframe><\/p>\n","protected":false},"excerpt":{"rendered":"<p>Qu\u00e1sar Comunicaci\u00f3n lanza al mercado este servicio para introducir a los emprendedores en el mundo digital poniendo on line su [&hellip;]<\/p>\n","protected":false},"author":2,"featured_media":0,"parent":0,"menu_order":0,"comment_status":"open","ping_status":"open","template":"","meta":[],"_links":{"self":[{"href":"https:\/\/quasarcomunicacion.com.ar\/web\/wp-json\/wp\/v2\/pages\/8403"}],"collection":[{"href":"https:\/\/quasarcomunicacion.com.ar\/web\/wp-json\/wp\/v2\/pages"}],"about":[{"href":"https:\/\/quasarcomunicacion.com.ar\/web\/wp-json\/wp\/v2\/types\/page"}],"author":[{"embeddable":true,"href":"https:\/\/quasarcomunicacion.com.ar\/web\/wp-json\/wp\/v2\/users\/2"}],"replies":[{"embeddable":true,"href":"https:\/\/quasarcomunicacion.com.ar\/web\/wp-json\/wp\/v2\/comments?post=8403"}],"version-history":[{"count":6,"href":"https:\/\/quasarcomunicacion.com.ar\/web\/wp-json\/wp\/v2\/pages\/8403\/revisions"}],"predecessor-version":[{"id":10023,"href":"https:\/\/quasarcomunicacion.com.ar\/web\/wp-json\/wp\/v2\/pages\/8403\/revisions\/10023"}],"wp:attachment":[{"href":"https:\/\/quasarcomunicacion.com.ar\/web\/wp-json\/wp\/v2\/media?parent=8403"}],"curies":[{"name":"wp","href":"https:\/\/api.w.org\/{rel}","templated":true}]}}