{"id":8055,"date":"2018-01-05T16:14:13","date_gmt":"2018-01-05T19:14:13","guid":{"rendered":"https:\/\/quasarcomunicacion.com.ar\/web\/?page_id=8055"},"modified":"2025-01-07T17:44:28","modified_gmt":"2025-01-07T17:44:28","slug":"redes","status":"publish","type":"page","link":"https:\/\/quasarcomunicacion.com.ar\/web\/redes\/","title":{"rendered":"Social Media Manager"},"content":{"rendered":"<p style=\"text-align: center;\">El servicio de gesti\u00f3n de redes sociales para empresas consiste en la creaci\u00f3n de una estrategia mensual de contenidos, adaptando la comunicaci\u00f3n de la empresa al \u00e1mbito online, con el objetivo de aumentar la visibilidad de la marca y los seguidores de la misma. La gesti\u00f3n de redes sociales es una manera eficaz de potenciar la visibilidad, presencia y reputaci\u00f3n online para mejorar los resultados comerciales. A partir de un an\u00e1lisis del emprendimiento y el producto o servicio que ofrece se realizan an\u00e1lisis del rubro, c\u00f3mo este se posiciona en el mercado en general, la relaci\u00f3n de la marca con la competencia, entre otros, para luego proponer un plan de contenidos estrat\u00e9gico que tendr\u00e1 en cuenta la esencia de la marca y el p\u00fablico objetivo de la misma.<\/p>\n<p>Las publicaciones en las\u00a0redes sociales\u00a0son fundamentales para ampliar el alcance de la marca y ofrecer contenido a tus clientes en el lugar donde pasan su tiempo. <strong>SI O SI HAY QUE TENER PRESENCIA EN LAS REDES SOCIALES<\/strong><\/p>\n<h2 style=\"text-align: center;\"><a href=\"https:\/\/drive.google.com\/file\/d\/1n9PCqSMGFLLk3RudCMZydpxwTame4u0L\/view\" target=\"_blank\" rel=\"noopener noreferrer\">Conoc\u00e9 algunos de los trabajos realizados<\/a><\/h2>\n<h2 align=\"center\"><span style=\"color: #ff0000;\"><b>\u00bfPensante alguna vez en profesionalizar tus redes sociales para tener mejores resultados?<\/b><\/span><\/h2>\n<p align=\"center\">Nosotros podemos manejar tus redes sociales para que logres un retorno de tu inversi\u00f3n, mejores el alcance de tu marca y vos te ocupes de tu negocio.<\/p>\n<p align=\"center\"><a href=\"https:\/\/drive.google.com\/file\/d\/1tI0yXDGYSToKPdWyGzOH7Rib-E83sreY\/view?usp=sharing\" target=\"_blank\" rel=\"noopener noreferrer\">CONOC\u00c9 M\u00c1S AQUI y los clientes con los que trabajamos<\/a><\/p>\n<p>Por eso queremos presentarte nuestro nuevo servicio<\/p>\n<p align=\"center\"><strong><span style=\"color: #ff0000;\">ESTRATEGIA DE MARKETING DIGITAL + PLAN DE CONTENIDOS + CREACION DE CONTENIDO + ARTE PARA REDES + PUBLICACI\u00d3N + MODERACION<\/span><\/strong><\/p>\n<p><a href=\"https:\/\/quasarcomunicacion.com.ar\/web\/wp-content\/uploads\/2019\/12\/GESTIONAMOS-TUS-REDES-SOCIALES.jpeg\"><img class=\"alignright\" src=\"https:\/\/quasarcomunicacion.com.ar\/web\/wp-content\/uploads\/2019\/12\/GESTIONAMOS-TUS-REDES-SOCIALES-300x251.jpeg\" \/><\/a>Creamos y gestionamos tus redes sociales.<\/p>\n<p>Dise\u00f1amos una estrategia de marketing digital a la medida de tu proyecto<\/p>\n<p>Armamos un Plan de contenidos para que alcances tus objetivos<\/p>\n<p>Administramos tus cuentas.<\/p>\n<p>Generamos promociones y concursos.<\/p>\n<p>Viralizamos tus productos o servicios.<\/p>\n<p>Generamos tus contenidos exclusivos.<\/p>\n<p>Logramos transformar fans en clientes.<\/p>\n<p>Promocionamos tu negocio en facebook.<\/p>\n<p>Dise\u00f1amos tus publicaciones, moderamos tus conversaciones<\/p>\n<p>Gestionamos tu publicidad en Facebook, Instagram, YouTube, LinkedIn, Twitter.<\/p>\n<p>Encaramos estrategias de remarketing, instalamos el pixel en tus redes<\/p>\n<p align=\"center\"><strong>Te proponemos un servicio a tu medida y a la de tu emprendimiento.<\/strong><\/p>\n<p>El servicio de <strong>Community Manager<\/strong> es <strong>principalmente<\/strong> la <strong>publicaci\u00f3n<\/strong> y <strong>moderaci\u00f3n<\/strong> de contenido.<\/p>\n<p>A este trabajo, le sumamos el de un experto que crear\u00e1 una<strong> ESTRATEGIA B\u00c1SICA DE MARKETING DIGITAL<\/strong> y un <strong>PLAN DE CONTENIDOS<\/strong> para alcanzar tus objetivos.<\/p>\n<p>Adem\u00e1s, un <strong>REDACTOR<\/strong> con conocimientos en gesti\u00f3n y creaci\u00f3n de contenido para que logres efectividad en tus redes con un mensaje original y atractivo y el <strong>Arte para Redes <\/strong>con dise\u00f1os ajustados a las caracter\u00edsticas de cada red social a fin de comunicar acertadamente la estrategia planteada.<\/p>\n<p>Todo esto liderado por un <strong>Social Media Manager<\/strong> que har\u00e1 que cada engranaje funcione de maravillas para lograr el objetivo.<\/p>\n<p align=\"center\"><a href=\"https:\/\/drive.google.com\/file\/d\/1tI0yXDGYSToKPdWyGzOH7Rib-E83sreY\/view?usp=sharing\" target=\"_blank\" rel=\"noopener noreferrer\">CONOC\u00c9 M\u00c1S AQUI y los clientes con los que trabajamos<\/a><\/p>\n<p>De esta manera le estar\u00e1s sumando a tu emprendimiento el trabajo de un Social Media Manager externo para pensar la estrategia de comunicaci\u00f3n digital, seg\u00fan los objetivos comerciales del cliente.<\/p>\n<p>La creaci\u00f3n de este contenido visual exclusivo y original es un plus que consiste en la creaci\u00f3n de piezas simples para comunicar el mensaje del cliente y de esta manera garantizar la llegada al p\u00fablico objetivo \/ potenciales clientes. Un servicio ideal para emprendedores y peque\u00f1as empresas que desean tercerizar el manejo de sus redes sociales.<\/p>\n<h4 style=\"text-align: center;\"><span style=\"color: #339966;\">CONSULTANOS POR CAMPA\u00d1AS EN FACEBOOK E INSTAGRAM<\/span><\/h4>\n<p style=\"text-align: center;\"><strong>CONSULTANOS POR ESTRATEGIAS DE MARKETING DIGITAL<\/strong><\/p>\n<h2 style=\"text-align: center;\"><strong><span style=\"color: #ff0000;\">\u00bfQu\u00e9 esperar de la gesti\u00f3n de redes?<\/span><\/strong><\/h2>\n<ul>\n<li>Aumentar la visibilidad y el alcance -&gt; las redes te ponen en contacto o te dan acceso a una mayor cantidad de personas o potenciales clientes. Esto NO SIEMPRE SIGNIFICA M\u00c1S SEGUIDORES, para lograr ese objetivo hay que apelar a una estrategia de posicionamiento org\u00e1nico y pago<\/li>\n<li>Construir y hacer crecer una comunidad online de seguidores de tu marca.<\/li>\n<li>Formar una estrategia de marketing en las\u00a0redes\u00a0con objetivos concretos.<\/li>\n<li>Mejorar la reputaci\u00f3n online de tu negocio<\/li>\n<li>Mayor facilidad en la comunicaci\u00f3n entre la empresa y los clientes. Nueva v\u00eda de contacto para recibir consultas e interactuar<\/li>\n<li>El\u00a0contenido\u00a0es la esencia del marketing\u00a0en\u00a0las\u00a0redes sociales, y que este sea de valor para tu comunidad es la clave para tener \u00e9xito. No sirve crear un perfil y no publicar nada, pero tampoco se puede publicar cualquier cosa. La\u00a0creaci\u00f3n de contenido para\u00a0las\u00a0redes sociales\u00a0requiere estrategia y planificaci\u00f3n\u00a0para\u00a0motivar y ganar la confianza de los seguidores.<\/li>\n<\/ul>\n<p>De modo general, la gesti\u00f3n profesional de redes sociales es una herramienta que puede ayudar a potenciar la interacci\u00f3n entre tu empresa y el cliente, as\u00ed como a aumentar las consultas y ventas (lo cual depender\u00e1 de una estrategia m\u00e1s amplia y un mix de otros servicios). Sin embargo, cabe aclarar que s\u00f3lo la generaci\u00f3n de contenido para redes sociales no alcanza para cumplir objetivos comerciales, hay que complementarlo con otras herramientas de marketing digital<\/p>\n<p><a href=\"https:\/\/drive.google.com\/open?id=1Mq1DcBBE0k8sOPiXyAQspqlypPGPbeuZ\" target=\"_blank\" rel=\"noopener noreferrer\">ACCED\u00c9 A M\u00c1S DETALLES<\/a><\/p>\n<p>Escribinos a info@quasarcomunicacion.com.ar Y si a\u00fan no pediste tu DIAGN\u00d3STICO EXPRESS GRATUITO,\u00a0<a href=\"https:\/\/goo.gl\/forms\/IqLPtlINZh0LqLD02\" target=\"_blank\" rel=\"noopener noreferrer\">hac\u00e9 click aqui<\/a>\u00a0y recibir\u00e1s la devoluci\u00f3n en tu correo electr\u00f3nico en unos d\u00edas.<\/p>\n<h2><span style=\"color: #ff0000;\"><strong>\u00bfQu\u00e9 NO ES la gesti\u00f3n de redes?<\/strong><\/span><\/h2>\n<p>No somos vendedores<br \/>\nNo garantizamos ventas<br \/>\nNo garantizamos seguidores<\/p>\n<p><iframe loading=\"lazy\" frameborder=\"0\" height=\"1369\" marginheight=\"0\" marginwidth=\"0\" src=\"https:\/\/docs.google.com\/forms\/d\/e\/1FAIpQLSe0B36Ffl98fpQDbV-21tJVbZEyHuPEDNa8sUX_cwFyPOKNsw\/viewform?embedded=true\" width=\"640\"><\/iframe><\/p>\n","protected":false},"excerpt":{"rendered":"<p>El servicio de gesti\u00f3n de redes sociales para empresas consiste en la creaci\u00f3n de una estrategia mensual de contenidos, adaptando [&hellip;]<\/p>\n","protected":false},"author":2,"featured_media":0,"parent":0,"menu_order":0,"comment_status":"open","ping_status":"open","template":"","meta":[],"_links":{"self":[{"href":"https:\/\/quasarcomunicacion.com.ar\/web\/wp-json\/wp\/v2\/pages\/8055"}],"collection":[{"href":"https:\/\/quasarcomunicacion.com.ar\/web\/wp-json\/wp\/v2\/pages"}],"about":[{"href":"https:\/\/quasarcomunicacion.com.ar\/web\/wp-json\/wp\/v2\/types\/page"}],"author":[{"embeddable":true,"href":"https:\/\/quasarcomunicacion.com.ar\/web\/wp-json\/wp\/v2\/users\/2"}],"replies":[{"embeddable":true,"href":"https:\/\/quasarcomunicacion.com.ar\/web\/wp-json\/wp\/v2\/comments?post=8055"}],"version-history":[{"count":14,"href":"https:\/\/quasarcomunicacion.com.ar\/web\/wp-json\/wp\/v2\/pages\/8055\/revisions"}],"predecessor-version":[{"id":12877,"href":"https:\/\/quasarcomunicacion.com.ar\/web\/wp-json\/wp\/v2\/pages\/8055\/revisions\/12877"}],"wp:attachment":[{"href":"https:\/\/quasarcomunicacion.com.ar\/web\/wp-json\/wp\/v2\/media?parent=8055"}],"curies":[{"name":"wp","href":"https:\/\/api.w.org\/{rel}","templated":true}]}}