{"id":8005,"date":"2017-11-22T11:29:52","date_gmt":"2017-11-22T14:29:52","guid":{"rendered":"https:\/\/quasarcomunicacion.com.ar\/web\/?page_id=8005"},"modified":"2024-09-11T16:38:10","modified_gmt":"2024-09-11T16:38:10","slug":"paginaswebs","status":"publish","type":"page","link":"https:\/\/quasarcomunicacion.com.ar\/web\/paginaswebs\/","title":{"rendered":"Webs Profesionales"},"content":{"rendered":"<div style=\"text-align: left;\"><a href=\"https:\/\/quasarcomunicacion.com.ar\/web\/wp-content\/uploads\/2020\/02\/WEB-AMOR.png\"><img class=\"alignright\" src=\"https:\/\/quasarcomunicacion.com.ar\/web\/wp-content\/uploads\/2020\/02\/WEB-AMOR-300x300.png\" \/><\/a>En <strong>Quasar Comunicaci\u00f3n<\/strong>, ofrecemos un servicio integral de <strong>Dise\u00f1o Web<\/strong>, adaptado a las necesidades de cada cliente. Nos especializamos en crear Sitios modernos, funcionales y optimizados para la experiencia del usuario, garantizando que tu presencia en l\u00ednea sea profesional y eficaz.<\/p>\n<p>Nuestros desarrollos se realizan en <strong>WordPress<\/strong>, el CMS (Content Management System) m\u00e1s popular y vers\u00e1til del mercado. <strong>WordPress<\/strong> permite una total personalizaci\u00f3n de los Sitios Web, desde su dise\u00f1o hasta su funcionalidad, y se adapta a cualquier tipo de proyecto, ya sea un blog, un e-commerce, o una p\u00e1gina corporativa. Adem\u00e1s, es intuitivo y f\u00e1cil de gestionar, lo que permite a nuestros clientes realizar actualizaciones y cambios de contenido sin depender de un equipo t\u00e9cnico.<\/p>\n<p><strong>Complementamos nuestros servicios de dise\u00f1o Web<\/strong> con un conjunto de soluciones clave:<\/p>\n<ul>\n<li aria-level=\"1\"><strong>Servicio de Email Profesional<\/strong>, que permite una comunicaci\u00f3n eficiente y segura.<\/li>\n<li aria-level=\"1\"><strong>Certificados SSL<\/strong> para garantizar la seguridad de tu Sitio Web y la confianza de los usuarios, protegiendo la informaci\u00f3n que comparten en tu p\u00e1gina.<\/li>\n<li aria-level=\"1\"><strong>Soporte T\u00e9cnico especializado<\/strong>, disponible para resolver cualquier inconveniente o duda, asegurando el correcto funcionamiento de tu Sitio en todo momento.<\/li>\n<\/ul>\n<p>En <strong>Quasar Comunicaci\u00f3n<\/strong>, nos comprometemos a ofrecer soluciones digitales integrales que potencien tu negocio en la Web, combinando dise\u00f1o, seguridad y soporte de alta calidad.<\/p>\n<\/div>\n<h4><span style=\"color: #ff0000;\">Ped\u00ed la promoci\u00f3n escribiendo a <a style=\"font-size: 1em;\" href=\"info@quasarcomunicacion.com.ar\"><span style=\"color: #ff0000;\">info@quasarcomunicacion.com.ar<\/span><\/a><span style=\"font-size: 1em;\">\u00a0<a href=\"https:\/\/quasarcomunicacion.com.ar\/web\/contacto\/\" target=\"_blank\" rel=\"noopener noreferrer\">o dejando tus datos <\/a><\/span><a href=\"https:\/\/quasarcomunicacion.com.ar\/web\/contacto\/\" target=\"_blank\" rel=\"noopener noreferrer\"><span style=\"color: #ff0000;\">aqu\u00ed<\/span><span style=\"font-size: 1em;\">\u00a0<\/span><\/a>\u00a0o v\u00eda\u00a0<\/span><strong><a href=\"https:\/\/bit.ly\/2J4cUvm\" target=\"_blank\" rel=\"noopener noreferrer\">Whatsapp<\/a>\u00a0haciendo clic en el link o 11 5312 6795<\/strong><\/h4>\n<h4><strong>COSTOS A CONSIDERAR:<\/strong> registro de dominio + hosting + dise\u00f1o de sitio web+ <a href=\"https:\/\/quasarcomunicacion.com.ar\/web\/los-navegadores-marcan-como-no-seguras-las-webs-que-no-usen-https\/\" target=\"_blank\" rel=\"noopener noreferrer\">certificado de seguridad SS<\/a><a href=\"https:\/\/quasarcomunicacion.com.ar\/web\/los-navegadores-marcan-como-no-seguras-las-webs-que-no-usen-https\/\" target=\"_blank\" rel=\"noopener noreferrer\">L\u00a0(conoc\u00e9 m\u00e1s haciendo click en el enlace)<\/a><\/h4>\n<p>Quedamos a disposici\u00f3n para asesorarlo para que realice la mejor inversi\u00f3n<\/p>\n<div>\n<p><b>\u00a0<\/b><\/p>\n<\/div>\n<p><a href=\"https:\/\/disenoymas.com.ar\/\"><img class=\"alignnone alignleft\" src=\"https:\/\/quasarcomunicacion.com.ar\/web\/wp-content\/uploads\/2024\/08\/disenoch.jpg\" \/><\/a> <a href=\"https:\/\/quasarcomunicacion.com.ar\/web\/wp-content\/uploads\/2024\/08\/distamech.jpg\"><img class=\"alignnone alignleft\" src=\"https:\/\/quasarcomunicacion.com.ar\/web\/wp-content\/uploads\/2024\/08\/distamech.jpg\" \/><\/a><\/p>\n<p>&nbsp;<\/p>\n<p>&nbsp;<\/p>\n<p>&nbsp;<\/p>\n<p>&nbsp;<\/p>\n<p>&nbsp;<\/p>\n<p>https:\/\/disenoymas.com.ar\/\u00a0 \u00a0 \u00a0 \u00a0 \u00a0 https:\/\/distame.com\/<\/p>\n<p><a href=\"http:\/\/romiavila.com.ar\/\"><img class=\"alignleft\" src=\"https:\/\/quasarcomunicacion.com.ar\/web\/wp-content\/uploads\/2024\/08\/rominaavilach.jpg\" \/><\/a> \u00a0\u00a0 \u00a0\u00a0 \u00a0\u00a0 \u00a0\u00a0 \u00a0\u00a0 \u00a0\u00a0 <a href=\"https:\/\/quasarcomunicacion.com.ar\/web\/wp-content\/uploads\/2024\/08\/mundoaguach.jpg\"><img class=\"alignnone\" src=\"https:\/\/quasarcomunicacion.com.ar\/web\/wp-content\/uploads\/2024\/08\/mundoaguach.jpg\" \/><\/a><\/p>\n<p>http:\/\/romiavila.com.ar\/\u00a0 \u00a0 \u00a0 \u00a0 \u00a0 \u00a0 \u00a0 \u00a0 \u00a0 \u00a0 \u00a0 \u00a0 \u00a0 \u00a0 \u00a0 \u00a0https:\/\/mundoagua.com.ar\/<\/p>\n<p>&nbsp;<\/p>\n<div style=\"text-align: left;\"><\/div>\n<div style=\"text-align: center;\">\u00a0 \u00a0 \u00a0 \u00a0 \u00a0 \u00a0<a href=\"https:\/\/quasarcomunicacion.com.ar\/web\/wp-content\/uploads\/2020\/01\/catering.jpg\"><img class=\"alignleft\" src=\"https:\/\/quasarcomunicacion.com.ar\/web\/wp-content\/uploads\/2020\/01\/catering.jpg\" \/><\/a><\/div>\n<div><\/div>\n<div><\/div>\n<div><\/div>\n<div><\/div>\n<div><\/div>\n<div><\/div>\n<div><\/div>\n<p style=\"text-align: left;\">\u00a0 \u00a0 \u00a0 <a href=\"www.rodriguezcatering.com.ar\" target=\"_blank\" rel=\"noopener noreferrer\">www.rodriguezcatering.com.ar<\/a><\/p>\n<p style=\"text-align: center;\">\u00a0 \u00a0<a href=\"https:\/\/quasarcomunicacion.com.ar\/web\/wp-content\/uploads\/2020\/01\/fixit.jpg\"><img class=\"alignnone\" src=\"https:\/\/quasarcomunicacion.com.ar\/web\/wp-content\/uploads\/2020\/01\/fixit.jpg\" \/><\/a>\u00a0 \u00a0 \u00a0 \u00a0 \u00a0 \u00a0 \u00a0 \u00a0 \u00a0 \u00a0 \u00a0 \u00a0 \u00a0 <a href=\"https:\/\/quasarcomunicacion.com.ar\/web\/wp-content\/uploads\/2020\/01\/estetetica.jpg\"><img class=\"alignnone\" src=\"https:\/\/quasarcomunicacion.com.ar\/web\/wp-content\/uploads\/2020\/01\/estetetica.jpg\" \/><\/a><\/p>\n<p style=\"text-align: center;\">\u00a0 \u00a0 \u00a0 \u00a0 \u00a0 \u00a0 \u00a0 \u00a0 \u00a0 \u00a0 \u00a0 \u00a0 \u00a0 \u00a0 \u00a0 \u00a0 \u00a0 \u00a0 \u00a0 \u00a0 \u00a0 \u00a0 \u00a0 \u00a0 \u00a0 \u00a0 \u00a0 \u00a0 \u00a0 \u00a0 \u00a0 \u00a0 \u00a0 \u00a0 \u00a0 \u00a0 \u00a0 \u00a0 \u00a0 <a href=\"http:\/\/pilarestetica.com\/\" target=\"_blank\" rel=\"noopener noreferrer\">\u00a0www.pilarestetica.com.ar<\/a><\/p>\n<p style=\"text-align: center;\"><img class=\"alignnone\" src=\"https:\/\/quasarcomunicacion.com.ar\/web\/wp-content\/uploads\/2020\/01\/poloec.jpg\" \/> \u00a0 \u00a0 \u00a0 \u00a0 \u00a0 \u00a0 \u00a0 \u00a0 \u00a0 <a href=\"https:\/\/quasarcomunicacion.com.ar\/web\/wp-content\/uploads\/2020\/01\/ceeta.jpg\"><img class=\"alignnone\" src=\"https:\/\/quasarcomunicacion.com.ar\/web\/wp-content\/uploads\/2020\/01\/ceeta.jpg\" \/><\/a><\/p>\n<p style=\"text-align: center;\">wwww.poloeducativopilar.org.ar\u00a0 \u00a0 \u00a0 \u00a0 \u00a0 \u00a0 \u00a0 \u00a0 \u00a0 \u00a0 \u00a0 \u00a0 \u00a0 \u00a0 \u00a0 \u00a0 \u00a0 \u00a0 \u00a0 \u00a0\u00a0<a href=\"https:\/\/www.ceeta.org\/\">www.ceeta.org<\/a><\/p>\n<p style=\"text-align: center;\"><a href=\"https:\/\/quasarcomunicacion.com.ar\/web\/wp-content\/uploads\/2020\/01\/burgue\u00f1o.jpg\"><img class=\"alignnone\" src=\"https:\/\/quasarcomunicacion.com.ar\/web\/wp-content\/uploads\/2020\/01\/burgue\u00f1o.jpg\" \/><\/a>\u00a0 \u00a0 \u00a0 \u00a0 \u00a0 \u00a0 \u00a0 \u00a0 \u00a0 \u00a0 \u00a0 \u00a0 \u00a0 \u00a0 \u00a0 \u00a0 <a href=\"https:\/\/quasarcomunicacion.com.ar\/web\/wp-content\/uploads\/2020\/01\/alvearch.jpg\"><img class=\"alignnone\" src=\"https:\/\/quasarcomunicacion.com.ar\/web\/wp-content\/uploads\/2020\/01\/alvearch.jpg\" \/><\/a><\/p>\n<p style=\"text-align: center;\">www.danielaburgueno.com.ar\u00a0 \u00a0 \u00a0 \u00a0 \u00a0 \u00a0 \u00a0 \u00a0 \u00a0 \u00a0 \u00a0 \u00a0 \u00a0 \u00a0 \u00a0 \u00a0 \u00a0 <a href=\"http:\/\/www.alveardebenavidez.com.a\">www.alveardebenavidez.com.a<\/a>r<\/p>\n<p style=\"text-align: center;\"><a href=\"https:\/\/quasarcomunicacion.com.ar\/web\/wp-content\/uploads\/2020\/01\/natalsch.jpg\"><img class=\"alignnone\" src=\"https:\/\/quasarcomunicacion.com.ar\/web\/wp-content\/uploads\/2020\/01\/natalsch.jpg\" \/><\/a>\u00a0 \u00a0 \u00a0 \u00a0 \u00a0 \u00a0 \u00a0 \u00a0 \u00a0 \u00a0 \u00a0 \u00a0 \u00a0 \u00a0<a href=\"https:\/\/quasarcomunicacion.com.ar\/web\/wp-content\/uploads\/2020\/01\/ferch.jpg\"><img class=\"alignnone\" src=\"https:\/\/quasarcomunicacion.com.ar\/web\/wp-content\/uploads\/2020\/01\/ferch.jpg\" \/><\/a><\/p>\n<p style=\"text-align: center;\">www.natals.com.ar\u00a0 \u00a0 \u00a0 \u00a0 \u00a0 \u00a0 \u00a0 \u00a0 \u00a0 \u00a0 \u00a0 \u00a0 \u00a0 \u00a0 \u00a0 \u00a0 \u00a0 \u00a0 \u00a0www.fernandomazzetti.com.ar<\/p>\n<p style=\"text-align: center;\">\u00a0 \u00a0 \u00a0 \u00a0 \u00a0 \u00a0 \u00a0 \u00a0 <a href=\"https:\/\/quasarcomunicacion.com.ar\/web\/wp-content\/uploads\/2020\/07\/bio-proteccionch.jpg\"><img class=\"alignnone aligncenter\" src=\"https:\/\/quasarcomunicacion.com.ar\/web\/wp-content\/uploads\/2020\/07\/bio-proteccionch.jpg\" \/><\/a><br \/>\nhttps:\/\/bio-proteccion.tech\/<\/p>\n<p>Aqu\u00ed debajo enumeramos algunos sitios webs que hemos realizado, obviamente la est\u00e9tica se ajusta a lo que solicit\u00f3 cada cliente. Si bien no todos los sitios son b\u00e1sicos, bien sirve para que vea el tipo de trabajo que tenemos en nuestro portfolio<\/p>\n<div><\/div>\n<div>\n<table border=\"0\" width=\"768\" cellspacing=\"0\" cellpadding=\"0\">\n<colgroup>\n<col span=\"3\" width=\"256\" \/> <\/colgroup>\n<tbody>\n<tr>\n<td width=\"256\" height=\"38\"><a href=\"http:\/\/www.cespym.com.ar\">www.cespym.com.ar<\/a><\/td>\n<td width=\"256\"><a href=\"http:\/\/www.quasarcomunicacion.com.ar\/\" target=\"_blank\" rel=\"noopener noreferrer\">www.quasarcomunicacion.com.ar<\/a><\/td>\n<td width=\"256\"><a href=\"http:\/\/www.fernandomazzetti.com.ar\/\" target=\"_blank\" rel=\"noopener noreferrer\">www.fernandomazzetti.com.ar<\/a><\/td>\n<\/tr>\n<tr>\n<td width=\"256\" height=\"38\"><a href=\"http:\/\/www.pilaremprende.com.ar\" target=\"_blank\" rel=\"noopener noreferrer\">www.pilaremprende.com.ar<\/a><\/td>\n<td width=\"256\"><a href=\"www.portatilesdelnorte.com.ar \" target=\"_blank\" rel=\"noopener noreferrer\">www.portatilesdelnorte.com.ar<\/a><\/td>\n<td width=\"256\"><a href=\"www.portatilesdelnorte.com.ar \" target=\"_blank\" rel=\"noopener noreferrer\">www.vocalstudio.com.ar<\/a><\/td>\n<\/tr>\n<tr>\n<td width=\"256\" height=\"38\"><a href=\"http:\/\/www.poloeducativopilar.com.ar\/\" target=\"_blank\" rel=\"noopener noreferrer\">www.poloeducativopilar.com.ar<\/a><\/td>\n<td width=\"256\"><a href=\"http:\/\/www.cismagroup.com.ar\">www.cismagroup.com.ar<\/a><\/td>\n<td width=\"256\"><a href=\"http:\/\/www.institutochopin.edu.ar\/\" target=\"_blank\" rel=\"noopener noreferrer\">www.institutochopin.edu.ar<\/a><\/td>\n<\/tr>\n<tr>\n<td width=\"256\" height=\"38\"><a href=\"http:\/\/www.vgls.com.ar\/\" target=\"_blank\" rel=\"noopener noreferrer\">www.vgls.com.ar<\/a><\/td>\n<td width=\"256\"><a href=\"http:\/\/www.pilarhoy.com.ar\/\" target=\"_blank\" rel=\"noopener noreferrer\">www.pilarhoy.com.ar<\/a><\/td>\n<td width=\"256\"><a href=\"http:\/\/www.decomobi.com.ar\/\" target=\"_blank\" rel=\"noopener noreferrer\">www.decomobi.com.ar<\/a><\/td>\n<\/tr>\n<tr>\n<td width=\"256\" height=\"38\"><a href=\"http:\/\/www.pilargps.com.ar\">www.pilargps.com.ar<\/a><\/td>\n<td width=\"256\"><a href=\"http:\/\/www.emprenderhoy.com.ar\" target=\"_blank\" rel=\"noopener noreferrer\">www.emprenderhoy.com.ar\u00a0\u00a0<\/a><\/td>\n<td width=\"256\"><a href=\"http:\/\/www.lacaba\u00f1adeaamaria.com.ar\" target=\"_blank\" rel=\"noopener noreferrer\">www.lacaba\u00f1adeaamaria.com.ar<\/a><\/td>\n<\/tr>\n<tr>\n<td width=\"256\" height=\"38\"><a href=\"http:\/\/www.ceeta.org\/\" target=\"_blank\" rel=\"noopener noreferrer\">www.ceeta.org<\/a><\/td>\n<td width=\"256\"><a href=\"www.lacaba\u00f1adeanamaria2.com.ar \" target=\"_blank\" rel=\"noopener noreferrer\">www.lacaba\u00f1adeanamaria2.com.ar\u00a0<\/a><\/td>\n<td width=\"256\"><a href=\"www.lacaba\u00f1adeanamaria2.com.ar \" target=\"_blank\" rel=\"noopener noreferrer\">www.ivangiordano.com.ar<\/a><\/td>\n<\/tr>\n<tr>\n<td width=\"256\" height=\"38\"><a href=\"http:\/\/www.remisesbaires.com.ar\">www.remisesbaires.com.ar<\/a><\/td>\n<td width=\"256\"><a href=\"http:\/\/danielaburgueno.com.ar\/\" target=\"_blank\" rel=\"noopener noreferrer\">www.danielaburgueno.com.ar\u00a0<\/a><\/td>\n<td width=\"256\"><a href=\"www.teyserefluentes.com.ar\" target=\"_blank\" rel=\"noopener noreferrer\">www.teyserefluentes.com.ar<\/a><\/td>\n<\/tr>\n<tr>\n<td width=\"256\" height=\"38\"><a href=\"http:\/\/www.membranaspilar.com.ar\">www.membranaspilar.com.ar<\/a><\/td>\n<td width=\"256\"><a href=\"http:\/\/www.alimentariapilar.com.ar\/\">www.alimentariapilar.com.ar\u00a0<\/a><\/td>\n<td width=\"256\"><a href=\"http:\/\/www.elenadardas.com.ar\">www.elenadardas.com.ar<\/a><\/td>\n<\/tr>\n<tr>\n<td width=\"256\" height=\"38\"><a href=\"http:\/\/www.ceasnutricion.com.ar\">www.ceasnutricion.com.ar<\/a><\/td>\n<td width=\"256\"><a href=\"http:\/\/pilarestetica.com\/\" target=\"_blank\" rel=\"noopener noreferrer\">www.pilarestetica.com\u00a0<\/a><\/td>\n<td width=\"256\"><a href=\"http:\/\/www.estudiomvc.com.ar\">www.estudiomvc.com.ar<\/a><\/td>\n<\/tr>\n<tr>\n<td width=\"256\" height=\"38\">https:\/\/bio-proteccion.tech\/<\/td>\n<td width=\"256\"><a href=\"http:\/\/psicologiadelliderazgoetico.com\" target=\"_blank\" rel=\"noopener noreferrer\">http:\/\/psicologiadelliderazgoetico.com<\/a><\/td>\n<td width=\"256\"><a href=\"http:\/\/rodriguezcatering.com.ar\/\" target=\"_blank\" rel=\"noopener noreferrer\">http:\/\/rodriguezcatering.com.ar<\/a><\/td>\n<\/tr>\n<tr>\n<td height=\"38\"><a href=\"http:\/\/www.fixitsoluciones.com.ar\/\">www.fixitsoluciones.com.ar<\/a><\/td>\n<td style=\"text-align: center;\"><\/td>\n<td><\/td>\n<\/tr>\n<\/tbody>\n<\/table>\n<\/div>\n<p>&nbsp;<\/p>\n<div><\/div>\n<div><b><span style=\"text-decoration: underline;\">Modalidad de trabajo<\/span><\/b><\/div>\n<div>Junto con el cliente armaremos una estructura tentativa del sitio web con los diversos links o secciones.<\/div>\n<div><\/div>\n<div>Los desarrollos se hacen con el material que entrega el cliente (textos e im\u00e1genes, logos, estructura del sitio). Los textos deben enviarse tal como desean que aparezca en el sitio (respetando las may\u00fasculas y min\u00fasculas) porque se copiar\u00e1n y pegar\u00e1n. Cualquier agregado fuera de presupuesto se cotizar\u00e1 aparte.<\/div>\n<div>\n<p>En caso de desear otra cosa (correcci\u00f3n, generaci\u00f3n de contenido, edici\u00f3n de im\u00e1genes, etc), se cotiza aparte.<\/p>\n<\/div>\n<div>\u00a0Una vez abonado el adelanto del 50%, el cliente tiene 5 d\u00edas h\u00e1biles para proveer de toda la informaci\u00f3n, textos en word con las especificaciones necesarias para comprender en qu\u00e9 sector del sitio web se incluir\u00e1n y cu\u00e1les ser\u00e1n las im\u00e1genes que acompa\u00f1ar\u00e1n cada secci\u00f3n (las im\u00e1genes deber\u00e1n estar en .jpg y en carpetas para comprender su ubicaci\u00f3n dentro del sitio web).<\/div>\n<div><\/div>\n<div>Las im\u00e1genes deber\u00e1n enviarse en .jpg y adjuntas (no pegadas en un archivo de word o similar)<\/div>\n<div><\/div>\n<div>En caso de no enviar el material en ese lapso <strong><span style=\"text-decoration: underline;\">perder\u00e1 la se\u00f1a realizada.<\/span><\/strong> El material debe enviarse en su totalidad en ese plazo, no se acepta el envio de material parcial.<\/div>\n<div>\n<p>Los contenidos y\/o archivos suministrados por el Cliente ser\u00e1n dados por v\u00e1lidos, de modo que se presume como veraz la informaci\u00f3n vertida en los mismos y \/ o su autor\u00eda. As\u00ed mismo las im\u00e1genes y videos suministrados se los considera como bajo\u00a0 derecho de autor aut\u00e9nticos del Cliente y deben enviarse de forma adjunta.<\/p>\n<p>Los contenidos y archivos publicados en el Sitio Web son de pura responsabilidad del titular del dominio.<\/p>\n<\/div>\n<div>El presente presupuesto no incluye generaci\u00f3n de contenidos. No incluye revisi\u00f3n ni correcci\u00f3n de contenidos<\/div>\n<div>No incluye edici\u00f3n de im\u00e1genes ni de documentos<\/div>\n<div><\/div>\n<div>\u00a0El sitio se comienza a desarrollar con el pago de la se\u00f1a y el env\u00edo de la totalidad del material (logos, fotos, im\u00e1genes, links externos, etc).\u00a0 Tiempo promedio desarrollo de 15 a 20 d\u00edas h\u00e1biles desde el momento de entrega de todo el material (logos, textos, im\u00e1genes y distribuci\u00f3n del contenido en el desarrollo web)<\/div>\n<div>\n<p>Una vez entregada la demo, el cliente tendr\u00e1 3 d\u00edas h\u00e1biles para emitir las correcciones, comentarios o material faltante (caso contrario perder\u00e1 la reserva realizada). Sobre la demo original, hay tres instancias de correcci\u00f3n, a partir de la cuarta instancia de correcci\u00f3n, se cotizar\u00e1 aparte cada cambio<\/p>\n<p>Desarrollos y o cambios posteriores a la entrega del Sitio se cotizar\u00e1n puntualmente como extras<\/p>\n<p>Una vez aceptado el trabajo y con el sitio finalizado, el Cliente deber\u00e1 colocar los DNS de nuestro servidor v\u00eda NIC.ar o bien mediante instrucciones espec\u00edficas a su administrador de dominio internacional.<\/p>\n<p>El registro y la renovaci\u00f3n de los dominios nacionales e internacionales queda bajo responsabilidad del Cliente.<\/p>\n<p>No nos responsabilizamos por la baja del sitio por falta de renovaci\u00f3n de dominio o de hosting.<\/p>\n<p>Finalizado y abonado el desarrollo del sitio web se entrega una copia de seguridad del sitio y todas las claves de acceso.<\/p>\n<p><span style=\"color: #ff0000;\"><b>Detalles del servicio de alojamiento (hosting) :<\/b><\/span><\/p>\n<p>El hosting ofrecido es de primer nivel tanto en soporte t\u00e9cnico como en tecnolog\u00eda utilizada.<\/p>\n<p>Para ello proponemos nuestro Servidor alojado en USA con caracter\u00edsticas por sobre los requerimientos enunciados, con las ventajas adicionales de Back Up mensual, asistencia 24 x 7 v\u00eda email, telef\u00f3nica, o Skype.<\/p>\n<p>Adem\u00e1s nuestro Servicio de Alojamiento Web incluye restauraci\u00f3n al punto anterior m\u00e1s pr\u00f3ximo posible (RPAMP 32) cuando por razones de ataques de hackers el Sitio haya sido vulnerado.<\/p>\n<p>Sistema SAT ( Sistema de Alerta Temprana ) contra ataques puntuales o masivos.<\/p>\n<p>El cliente tendr\u00e1 acceso a un panel de control para configurar correos y dem\u00e1s servicios.<\/p>\n<\/div>\n","protected":false},"excerpt":{"rendered":"<p>En Quasar Comunicaci\u00f3n, ofrecemos un servicio integral de Dise\u00f1o Web, adaptado a las necesidades de cada cliente. Nos especializamos en [&hellip;]<\/p>\n","protected":false},"author":2,"featured_media":0,"parent":0,"menu_order":0,"comment_status":"open","ping_status":"open","template":"","meta":[],"_links":{"self":[{"href":"https:\/\/quasarcomunicacion.com.ar\/web\/wp-json\/wp\/v2\/pages\/8005"}],"collection":[{"href":"https:\/\/quasarcomunicacion.com.ar\/web\/wp-json\/wp\/v2\/pages"}],"about":[{"href":"https:\/\/quasarcomunicacion.com.ar\/web\/wp-json\/wp\/v2\/types\/page"}],"author":[{"embeddable":true,"href":"https:\/\/quasarcomunicacion.com.ar\/web\/wp-json\/wp\/v2\/users\/2"}],"replies":[{"embeddable":true,"href":"https:\/\/quasarcomunicacion.com.ar\/web\/wp-json\/wp\/v2\/comments?post=8005"}],"version-history":[{"count":11,"href":"https:\/\/quasarcomunicacion.com.ar\/web\/wp-json\/wp\/v2\/pages\/8005\/revisions"}],"predecessor-version":[{"id":12766,"href":"https:\/\/quasarcomunicacion.com.ar\/web\/wp-json\/wp\/v2\/pages\/8005\/revisions\/12766"}],"wp:attachment":[{"href":"https:\/\/quasarcomunicacion.com.ar\/web\/wp-json\/wp\/v2\/media?parent=8005"}],"curies":[{"name":"wp","href":"https:\/\/api.w.org\/{rel}","templated":true}]}}