{"id":6550,"date":"2015-11-26T13:58:18","date_gmt":"2015-11-26T16:58:18","guid":{"rendered":"https:\/\/quasarcomunicacion.com.ar\/web\/?page_id=6550"},"modified":"2023-03-17T16:32:52","modified_gmt":"2023-03-17T16:32:52","slug":"venderxinternet","status":"publish","type":"page","link":"https:\/\/quasarcomunicacion.com.ar\/web\/venderxinternet\/","title":{"rendered":"Pack: C\u00f3mo vender y cobrar por Internet"},"content":{"rendered":"<h2 style=\"text-align: center;\"><em style=\"font-size: 13px;\">En la capacitaci\u00f3n on line aprender\u00e1s todo lo que hay que saber para poder ofrecer tus productos o servicios por internet y cobrarlos de forma on line brindando la posibilidad de hacerlo por diversos medios de pago. <\/em><em style=\"font-size: 13px;\">Actualizado a junio de 2020<\/em><\/h2>\n<h3><strong style=\"font-size: 13px;\">ADQUIR\u00cd TU PACK AHORA A<\/strong><span style=\"font-size: 13px;\"> $ 1500 <a href=\"https:\/\/bit.ly\/2zPnVLz\">https:\/\/bit.ly\/2zPnVLz <\/a><\/span><b style=\"font-size: 13px;\">\u00a0<\/b><\/h3>\n<p><script src=\"https:\/\/www.mercadopago.com.ar\/integrations\/v1\/web-payment-checkout.js\" data-preference-id=\"15404220-6f957cad-c22a-4257-8df4-7518ee07450a\">\n<\/script><\/p>\n<p>Al final del pago acceder\u00e1s al link de descarga, sino envianos el comprobante de pago por mail a info@quasarcomunicacion.com.ar o por\u00a0Whatsapp haciendo click aqui https:\/\/bit.ly\/2Sn1zLP o al n\u00famero 11 5312 6795<\/p>\n<p><b>DE REGALO 30 D\u00cdAS GRATIS DE TIENDA NUBE: configurala aqui\u00a0 <\/b><a href=\"https:\/\/www.tiendanube.com\/partners\/quasarcomunicacion\"><b>https:\/\/www.tiendanube.com\/partners\/quasarcomunicacion<\/b><\/a><b>\u00a0<\/b><\/p>\n<p><span style=\"font-weight: 400;\">Te regalamos un descuento exclusivo para adquirir tu Lector Point y comenzar a recibir pagos con tarjeta de cr\u00e9dito y d\u00e9bito.\u00a0 Hac\u00e9 click aqu\u00ed <\/span><a href=\"http:\/\/mpago.li\/1T6Aoba\"><span style=\"font-weight: 400;\">http:\/\/mpago.li\/1T6Aoba<\/span><\/a><span style=\"font-weight: 400;\">\u00a0 \u00a0 y recibilo en tu domicilio sin cargo\u00a0<\/span><\/p>\n<p style=\"text-align: left;\"><span style=\"text-decoration: underline;\"><strong><span style=\"color: #339966; text-decoration: underline;\">TEM<\/span><\/strong><\/span><strong><span style=\"color: #339966; text-decoration-line: underline;\">ARIO RESUMIDO<\/span><\/strong><\/p>\n<p>\u2013 \u00bfQu\u00e9 es el e-commerce?<br \/>\n<img class=\"alignright\" src=\"https:\/\/www.quasarcomunicacion.com.ar\/news\/contenido.gif\" alt=\"Qu\u00c3\u00a9 vas a aprender\" \/>\u2013 \u00bfQu\u00e9 es el Hot Sale\/Cyber Monday?<br \/>\n\u2013 Algunos n\u00fameros par entender por qu\u00e9 deb\u00e9s incorporar el pago electr\u00f3nico a tu emprendimiento<br \/>\n&#8211; Ventajas del Comercio Electr\u00f3nico<br \/>\n&#8211; Primeros pasos<br \/>\n\u2013 Tipos de plataformas de venta on line: marketplace, cuponeras, tiendas en redes sociales, last miler, tienda web propia, aplicaci\u00f3n propia<br \/>\n\u2013 C\u00f3mo armar tu tienda en Facebook y crear ofertas<br \/>\n\u2013 Informaci\u00f3n adicional sobre tiendas en facebook<br \/>\n&#8211; Introducci\u00f3n a Instagram Shopping<br \/>\n&#8211; P\u00e1ginas de productos en LinkedIn<br \/>\n&#8211; Medios de pago electr\u00f3nico<br \/>\n\u2013 Cobros a trav\u00e9s de Mercado Pago, Todo Pago, UALA, etc<br \/>\n\u2013 Cobr\u00e1 y pag\u00e1 desde tu celular<br \/>\n\u2013 Cobr\u00e1 con tarjeta de cr\u00e9dito y d\u00e9bito con tu pos<br \/>\n&#8211; Cobr\u00e1 desde tu tienda<br \/>\n&#8211; Cre\u00e1 el cat\u00e1logo en Mercado Pago<br \/>\n\u2013 Claves para vender por whatsapp<br \/>\n&#8211; Cre\u00e1 tu cat\u00e1logo en Whatsapp<br \/>\n\u2013 C\u00f3mo prepararte para el Hot Sale \/ Cyber Monday<br \/>\n&#8211; Google My Business<br \/>\n&#8211; Mis productos en Google My Business<br \/>\n&#8211; C\u00f3mo armar tu cat\u00e1logo digital<br \/>\n&#8211; Difund\u00ed tu tienda online<br \/>\n&#8211; Check list para el Hot Sale \/ Cyber Monday<br \/>\n&#8211; Algunas acciones de marketing para el Hot Sale \/ Cyber Monday<\/p>\n<p>No es necesario contar con conocimientos previos.<\/p>\n<h2><strong style=\"font-size: 13px;\"><span style=\"text-decoration: underline;\"><span style=\"color: #339966; text-decoration: underline;\">EL PACK INCLUYE<\/span><\/span><\/strong><\/h2>\n<p><img class=\"alignright\" src=\"https:\/\/www.quasarcomunicacion.com.ar\/news\/regalo.gif\" alt=\"Lo que te llev\u00c3\u00a1s\" \/><\/p>\n<ul>\n<li>Grabaci\u00f3n del webinar en vivo (video con todo el contenido te\u00f3rico\/pr\u00e1ctico)<\/li>\n<li>Presentaci\u00f3n audiovisual (presentaci\u00f3n compartida durante la charla)<br \/>\nInformaci\u00f3n adicional sobre tiendas en facebook<br \/>\nE Book Check List para el Hot Sale<br \/>\nE Book E commerce 2020<br \/>\nE Book Planific\u00e1 tus acciones de Marketing para el Hot Sale<br \/>\nEstudio-anual-comercio-electronico-2019-resumen<br \/>\nEBook C\u00f3mo instalar Instagram Shopping en 5 pasos (2018)<br \/>\nMaterial informativo adicional<\/li>\n<\/ul>\n<p style=\"text-align: left;\"><strong><span style=\"color: #008000;\"><img loading=\"lazy\" class=\"alignright\" src=\"https:\/\/www.quasarcomunicacion.com.ar\/news\/personas.png\" alt=\"\" width=\"150\" height=\"150\" \/>DESTINATARIOS<\/span><\/strong><\/p>\n<p style=\"text-align: left;\"><span style=\"font-size: small;\">Emprendedores, artesanos, profesionales, comerciantes, estudiantes. Personas con un emprendimiento en marcha o con la idea de desarrollar alguna actividad econ\u00f3mica y que deseen ofrecer sus productos y servicios por internet o valerse del pago electr\u00f3nico.<br \/>\nEmprendedores que desean ofrecer sus productos y servicios en tiendas on line. <\/span><\/p>\n<p style=\"text-align: left;\"><span style=\"font-size: small;\">Emprendedores con locales f\u00edsicos o profesionales que desean incorporar el pago electr\u00f3nico.\u00a0<\/span><\/p>\n<p>&nbsp;<\/p>\n","protected":false},"excerpt":{"rendered":"<p>En la capacitaci\u00f3n on line aprender\u00e1s todo lo que hay que saber para poder ofrecer tus productos o servicios por [&hellip;]<\/p>\n","protected":false},"author":2,"featured_media":0,"parent":0,"menu_order":0,"comment_status":"open","ping_status":"open","template":"","meta":[],"_links":{"self":[{"href":"https:\/\/quasarcomunicacion.com.ar\/web\/wp-json\/wp\/v2\/pages\/6550"}],"collection":[{"href":"https:\/\/quasarcomunicacion.com.ar\/web\/wp-json\/wp\/v2\/pages"}],"about":[{"href":"https:\/\/quasarcomunicacion.com.ar\/web\/wp-json\/wp\/v2\/types\/page"}],"author":[{"embeddable":true,"href":"https:\/\/quasarcomunicacion.com.ar\/web\/wp-json\/wp\/v2\/users\/2"}],"replies":[{"embeddable":true,"href":"https:\/\/quasarcomunicacion.com.ar\/web\/wp-json\/wp\/v2\/comments?post=6550"}],"version-history":[{"count":9,"href":"https:\/\/quasarcomunicacion.com.ar\/web\/wp-json\/wp\/v2\/pages\/6550\/revisions"}],"predecessor-version":[{"id":12147,"href":"https:\/\/quasarcomunicacion.com.ar\/web\/wp-json\/wp\/v2\/pages\/6550\/revisions\/12147"}],"wp:attachment":[{"href":"https:\/\/quasarcomunicacion.com.ar\/web\/wp-json\/wp\/v2\/media?parent=6550"}],"curies":[{"name":"wp","href":"https:\/\/api.w.org\/{rel}","templated":true}]}}