{"id":5419,"date":"2015-01-15T17:17:34","date_gmt":"2015-01-15T20:17:34","guid":{"rendered":"https:\/\/quasarcomunicacion.com.ar\/web\/?page_id=5419"},"modified":"2015-01-15T17:17:34","modified_gmt":"2015-01-15T20:17:34","slug":"facebook","status":"publish","type":"page","link":"https:\/\/quasarcomunicacion.com.ar\/web\/servicios-2\/capacitaciones\/facebook\/","title":{"rendered":"Taller FACEBOOK PARA EMPRENDEDORES"},"content":{"rendered":"<p>Inauguramos junto a la Escuela para Emprendedores el #EspacioExperto. Un lugar donde se brindar\u00e1n capacitaciones 100% pr\u00e1cticas y aplicables a la realidad de tu emprendimiento.\u00a0 En este taller descubrir\u00e1s a trav\u00e9s de la pr\u00e1ctica sobre tu propia fan page todas las posibilidades que ofrece Facebook para hacer crecer tu proyecto. El principal objetivo de este taller es que personas que poseen un emprendimiento o una idea encuentren en facebook una herramienta capaz de hacer conocido su negocio y de expandirlo.<\/p>\n<p>El pr\u00f3ximo taller tendr\u00e1 lugar el <b>JUEVES 22 de AGOSTO de 2019\u00a0 de 18 a 20 hs<\/b>\u00a0en Pilar centro.<\/p>\n<p><strong>CUPOS LIMITADOS \u2013 SOLO CON INSCRIPCION PREVIA COMPLETANDO EL SIGUIENTE FORMULARIO<\/strong>\u00a0\u00a0<a href=\"http:\/\/goo.gl\/forms\/zQdNfNgatl\" target=\"_blank\" rel=\"noopener noreferrer\">http:\/\/goo.gl\/forms\/zQdNfNgat<\/a>l<\/p>\n<p><strong>INVERSION<\/strong>: \u00b7 500.- Incluye\u00a0 coffe break + taller + networking + E-book Facebook para Emprendedores + material de apoyo.<\/p>\n<p>El taller es 100% pr\u00e1ctico (se sugiere asistir con notebook) No es necesario contar con conocimientos previos.<\/p>\n<p>El taller es dictado por profesionales de <strong>Qu\u00e1sar Comunicaci\u00f3n<\/strong> y cuenta con el auspicio de la Escuela para Emprendedores de Pilar, Pilar Emprende, Pilar Hoy Noticias, Pilar GPS y Emprender Hoy<\/p>\n<p><strong>INSCRIPCION : $ 500<\/strong><\/p>\n<p><a href=\"https:\/\/www.mercadopago.com\/mla\/checkout\/start?pref_id=217959838-7fea20bc-4bbf-4547-a072-a5cc29730c37\" target=\"_blank\" rel=\"noopener noreferrer\"><img alt=\"\" src=\"http:\/\/cursolas5s.cl\/wp-content\/uploads\/2014\/08\/boton-pagar.jpg\" \/><\/a><\/p>\n<p><a href=\"https:\/\/quasarcomunicacion.com.ar\/datosbancarios.pdf\" target=\"_blank\" rel=\"noopener noreferrer\">Dep\u00f3sito o transferencia bancaria click aqui\u00a0<\/a><\/p>\n<p><iframe loading=\"lazy\" frameborder=\"0\" height=\"1500\" marginheight=\"0\" marginwidth=\"0\" src=\"https:\/\/docs.google.com\/forms\/d\/1OD9BUPDN3k_UC46f8xtJnXGhkRCkcZCSSjfJR3_IXME\/viewform?embedded=true\" width=\"600\"><\/iframe><\/p>\n","protected":false},"excerpt":{"rendered":"<p>Inauguramos junto a la Escuela para Emprendedores el #EspacioExperto. Un lugar donde se brindar\u00e1n capacitaciones 100% pr\u00e1cticas y aplicables a [&hellip;]<\/p>\n","protected":false},"author":2,"featured_media":0,"parent":4252,"menu_order":0,"comment_status":"open","ping_status":"open","template":"","meta":[],"_links":{"self":[{"href":"https:\/\/quasarcomunicacion.com.ar\/web\/wp-json\/wp\/v2\/pages\/5419"}],"collection":[{"href":"https:\/\/quasarcomunicacion.com.ar\/web\/wp-json\/wp\/v2\/pages"}],"about":[{"href":"https:\/\/quasarcomunicacion.com.ar\/web\/wp-json\/wp\/v2\/types\/page"}],"author":[{"embeddable":true,"href":"https:\/\/quasarcomunicacion.com.ar\/web\/wp-json\/wp\/v2\/users\/2"}],"replies":[{"embeddable":true,"href":"https:\/\/quasarcomunicacion.com.ar\/web\/wp-json\/wp\/v2\/comments?post=5419"}],"version-history":[{"count":0,"href":"https:\/\/quasarcomunicacion.com.ar\/web\/wp-json\/wp\/v2\/pages\/5419\/revisions"}],"up":[{"embeddable":true,"href":"https:\/\/quasarcomunicacion.com.ar\/web\/wp-json\/wp\/v2\/pages\/4252"}],"wp:attachment":[{"href":"https:\/\/quasarcomunicacion.com.ar\/web\/wp-json\/wp\/v2\/media?parent=5419"}],"curies":[{"name":"wp","href":"https:\/\/api.w.org\/{rel}","templated":true}]}}