{"id":5086,"date":"2014-10-23T10:27:34","date_gmt":"2014-10-23T13:27:34","guid":{"rendered":"https:\/\/quasarcomunicacion.com.ar\/web\/?page_id=5086"},"modified":"2014-10-23T10:27:34","modified_gmt":"2014-10-23T13:27:34","slug":"estilopilar15","status":"publish","type":"page","link":"https:\/\/quasarcomunicacion.com.ar\/web\/estilopilar15\/","title":{"rendered":"Estilo Pilar 2015 \u00abViv\u00ed tu Sue\u00f1o\u00bb"},"content":{"rendered":"<p><a href=\"https:\/\/docs.google.com\/forms\/d\/1VmM8SOMTOEI1ZgTmgQuJPOqLVJQe8cu1htDsb5Cgz2E\/viewform?usp=send_form\" target=\"_blank\" rel=\"noopener noreferrer\"><strong>ACREDITACIONES PRENSA:<\/strong><\/a><\/p>\n<p><a href=\"https:\/\/www.dropbox.com\/sh\/bgktqjt0m425df6\/AAALAScm8jenXvpHo7nB60N8a?dl=0\" target=\"_blank\" rel=\"noopener noreferrer\">Im\u00e1genes en alta definici\u00f3n<\/a><\/p>\n<p><a href=\"https:\/\/www.dropbox.com\/sh\/0xqtipyn6atctz2\/AAA_MJDeceqZRG8cBnxDIb6Wa?dl=0\" target=\"_blank\" rel=\"noopener noreferrer\">Im\u00e1genes espacios de decoraci\u00f3n<\/a><\/p>\n<p><a href=\"https:\/\/www.dropbox.com\/sh\/fgb393fjiipm0xg\/AAByFcIv95KJ6-nZjKMHNRoza?dl=0\" target=\"_blank\" rel=\"noopener noreferrer\">Im\u00e1genes Paseo de Compras<\/a><\/p>\n<p><a href=\"https:\/\/www.dropbox.com\/sh\/ae7ifims2y5y0os\/AAAEHbQQTgN1tkNefiOEdO1Xa?dl=0\" target=\"_blank\" rel=\"noopener noreferrer\">Im\u00e1genes Paisajismo<\/a><\/p>\n<p><a href=\"https:\/\/quasarcomunicacion.com.ar\/web\/los-premiados-en-estilo-pilar-2015\/\" target=\"_blank\" rel=\"noopener noreferrer\">Los ganadores de Estilo Pilar 2015<\/a><\/p>\n<p><a href=\"https:\/\/quasarcomunicacion.com.ar\/web\/los-datos-de-estilo-pilar-2015\/\" target=\"_blank\" rel=\"noopener noreferrer\">Los datos<\/a><\/p>\n<p>20\/01\/2015 <a href=\"https:\/\/quasarcomunicacion.com.ar\/web\/comenzo-estilo-pilar-2015\/\" target=\"_blank\" rel=\"noopener noreferrer\">Comenz\u00f3 Estilo Pilar 2015<\/a><\/p>\n<p>18\/01\/2015\u00a0<a href=\"https:\/\/quasarcomunicacion.com.ar\/web\/adelantos-exclusivos-de-estilo-pilar-2015\/\" target=\"_blank\" rel=\"noopener noreferrer\">Adelantos exclusivos de Estilo Pilar 2015<\/a><\/p>\n<p><strong>22\/10\/2014<\/strong> <a href=\"https:\/\/quasarcomunicacion.com.ar\/web\/se-presento-estilo-pilar-2015\/\" target=\"_blank\" rel=\"noopener noreferrer\">Se present\u00f3 Estilo Pilar 2015<\/a><\/p>\n<p><strong>22\/10\/2014<\/strong> <a href=\"https:\/\/www.dropbox.com\/sh\/96h8ng8ohvmflyp\/AABtm6dXzDTBQM2HGROSS3xsa?dl=0\" target=\"_blank\" rel=\"noopener noreferrer\">Link para descargar im\u00e1genes del Lanzamiento para Expositores<\/a>\u00a0(im\u00e1genes en Dropbox)<\/p>\n<p><a href=\"https:\/\/www.dropbox.com\/home\/public\/Estilo%20Pilar%202015\/Renders%20Bouquet\" target=\"_blank\" rel=\"noopener noreferrer\">Renders en alta calidad de Bouquet y carpeta de presentaci\u00f3n<\/a>\u00a0(hacer click para descargar archivos en Dropbox)<\/p>\n<p><a href=\"http:\/\/www.estilopilar.com.ar\/web\/\" target=\"_blank\" rel=\"noopener noreferrer\">P\u00e1gina oficial de Estilo Pilar<\/a><\/p>\n<p>UBICACION<\/p>\n<p><img alt=\"\" src=\"http:\/\/www.bouquetpilar.com\/img\/mapa-accesos.jpg\" \/><\/p>\n","protected":false},"excerpt":{"rendered":"<p>ACREDITACIONES PRENSA: Im\u00e1genes en alta definici\u00f3n Im\u00e1genes espacios de decoraci\u00f3n Im\u00e1genes Paseo de Compras Im\u00e1genes Paisajismo Los ganadores de Estilo [&hellip;]<\/p>\n","protected":false},"author":2,"featured_media":0,"parent":0,"menu_order":0,"comment_status":"open","ping_status":"open","template":"","meta":[],"_links":{"self":[{"href":"https:\/\/quasarcomunicacion.com.ar\/web\/wp-json\/wp\/v2\/pages\/5086"}],"collection":[{"href":"https:\/\/quasarcomunicacion.com.ar\/web\/wp-json\/wp\/v2\/pages"}],"about":[{"href":"https:\/\/quasarcomunicacion.com.ar\/web\/wp-json\/wp\/v2\/types\/page"}],"author":[{"embeddable":true,"href":"https:\/\/quasarcomunicacion.com.ar\/web\/wp-json\/wp\/v2\/users\/2"}],"replies":[{"embeddable":true,"href":"https:\/\/quasarcomunicacion.com.ar\/web\/wp-json\/wp\/v2\/comments?post=5086"}],"version-history":[{"count":0,"href":"https:\/\/quasarcomunicacion.com.ar\/web\/wp-json\/wp\/v2\/pages\/5086\/revisions"}],"wp:attachment":[{"href":"https:\/\/quasarcomunicacion.com.ar\/web\/wp-json\/wp\/v2\/media?parent=5086"}],"curies":[{"name":"wp","href":"https:\/\/api.w.org\/{rel}","templated":true}]}}