{"id":4304,"date":"2014-04-21T10:16:11","date_gmt":"2014-04-21T13:16:11","guid":{"rendered":"https:\/\/quasarcomunicacion.com.ar\/web\/?page_id=4304"},"modified":"2014-04-21T10:16:11","modified_gmt":"2014-04-21T13:16:11","slug":"tendencias","status":"publish","type":"page","link":"https:\/\/quasarcomunicacion.com.ar\/web\/tendencias\/","title":{"rendered":"Tendencias by Estilo Pilar 2013"},"content":{"rendered":"<aside id=\"der\">\n<section>\n<article>\n<div>\n<section>\n<article>\n<aside id=\"der\">\n<ul>\n<li>\n<p align=\"left\"><a href=\"https:\/\/www.dropbox.com\/home\/TENDENCIAS\">Im\u00e1genes en alta<\/a><\/p>\n<\/li>\n<li>\n<p align=\"left\"><span style=\"color: #008000; font-family: Verdana; font-size: small;\">18\/<\/span><span style=\"color: #008000; font-family: Verdana; font-size: small;\">06\/13\u00a0<\/span><a href=\"http:\/\/www.quasarcomunicacion.com.ar\/tendencias13\/130617donacion.htm\" target=\"_blank\" rel=\"noopener noreferrer\"><span style=\"color: #000000;\">Los Consultorios Odontol\u00f3gicos Amigos del Pilar recibieron importante donaci\u00f3n<\/span><\/a><\/p>\n<\/li>\n<li>\u00a0<span style=\"color: #008000; font-family: Verdana; font-size: small;\">05\/06\/13\u00a0<\/span><a href=\"http:\/\/www.quasarcomunicacion.com.ar\/tendencias13\/0605preinauguracion.htm\" target=\"_blank\" rel=\"noopener noreferrer\"><span style=\"color: #000000;\">TENDENCIAS by ESTILO PILAR: Creadores de tendencias muestran lo m\u00e1s novedoso de su industria<\/span><\/a><\/li>\n<li>15\/05\/13\u00a0<a href=\"http:\/\/www.quasarcomunicacion.com.ar\/tendencias13\/130514taller.htm\" target=\"_blank\" rel=\"noopener noreferrer\"><span style=\"color: #000000;\">En TENDENCIAS by ESTILO PILAR se presentar\u00e1n las producciones art\u00edsticas de los chicos, coordinados por la modelo y artista pl\u00e1stica Naomi Preizler<\/span><\/a><\/li>\n<\/ul>\n<\/aside>\n<\/article>\n<\/section>\n<\/div>\n<\/article>\n<\/section>\n<\/aside>\n<aside id=\"der\">\n<aside id=\"der\">\n<ul>\n<li>\u00a0<span style=\"color: #008000; font-family: Verdana; font-size: small;\">08\/05\/13<\/span> <span style=\"color: #000000;\"><a href=\"http:\/\/www.quasarcomunicacion.com.ar\/tendencias13\/130502nombres.htm\" target=\"_blank\" rel=\"noopener noreferrer\"><span style=\"color: #000000;\">Tendencias by Estilo Pilar ya confirm\u00f3 importantes presencias<\/span><\/a><\/span><\/li>\n<li>\n<p align=\"left\"><span style=\"color: #008000; font-family: Verdana; font-size: small;\">17\/04\/13 <\/span> <a href=\"http:\/\/www.quasarcomunicacion.com.ar\/tendencias13\/0415presentacion.htm\" target=\"_blank\" rel=\"noopener noreferrer\"> <span style=\"color: #000000;\">Tendencias by Estilo Pilar<\/span><\/a><\/p>\n<\/li>\n<\/ul>\n<\/aside>\n<\/aside>\n","protected":false},"excerpt":{"rendered":"<p>Im\u00e1genes en alta 18\/06\/13\u00a0Los Consultorios Odontol\u00f3gicos Amigos del Pilar recibieron importante donaci\u00f3n \u00a005\/06\/13\u00a0TENDENCIAS by ESTILO PILAR: Creadores de tendencias muestran [&hellip;]<\/p>\n","protected":false},"author":2,"featured_media":0,"parent":0,"menu_order":0,"comment_status":"open","ping_status":"open","template":"","meta":[],"_links":{"self":[{"href":"https:\/\/quasarcomunicacion.com.ar\/web\/wp-json\/wp\/v2\/pages\/4304"}],"collection":[{"href":"https:\/\/quasarcomunicacion.com.ar\/web\/wp-json\/wp\/v2\/pages"}],"about":[{"href":"https:\/\/quasarcomunicacion.com.ar\/web\/wp-json\/wp\/v2\/types\/page"}],"author":[{"embeddable":true,"href":"https:\/\/quasarcomunicacion.com.ar\/web\/wp-json\/wp\/v2\/users\/2"}],"replies":[{"embeddable":true,"href":"https:\/\/quasarcomunicacion.com.ar\/web\/wp-json\/wp\/v2\/comments?post=4304"}],"version-history":[{"count":0,"href":"https:\/\/quasarcomunicacion.com.ar\/web\/wp-json\/wp\/v2\/pages\/4304\/revisions"}],"wp:attachment":[{"href":"https:\/\/quasarcomunicacion.com.ar\/web\/wp-json\/wp\/v2\/media?parent=4304"}],"curies":[{"name":"wp","href":"https:\/\/api.w.org\/{rel}","templated":true}]}}