{"id":4022,"date":"2014-02-17T11:16:37","date_gmt":"2014-02-17T14:16:37","guid":{"rendered":"https:\/\/quasarcomunicacion.com.ar\/web\/?page_id=4022"},"modified":"2024-03-20T18:25:49","modified_gmt":"2024-03-20T18:25:49","slug":"staff","status":"publish","type":"page","link":"https:\/\/quasarcomunicacion.com.ar\/web\/nosotros\/staff\/","title":{"rendered":"Staff"},"content":{"rendered":"<p><strong>Qu\u00e1sar Comunicaci\u00f3n<\/strong> est\u00e1 dirigida por la Lic. Mar\u00eda Fernanda Ipata. Es Licenciada en Periodismo y Analista en Medios de Comunicaci\u00f3n Social, graduada en la Universidad del Salvador<\/p>\n<p>En 2005 cre\u00f3 <strong>Qu\u00e1sar Comunicaci\u00f3n<\/strong>, la primera consultora boutique de comunicaci\u00f3n de zona norte. Con anterioridad cre\u00f3 y dirigi\u00f3 medios locales y trabaj\u00f3 en el diario La Naci\u00f3n.<\/p>\n<p>Su experiencia como periodista le permite abordar el trabajo de la consultora de prensa pensando en los destinatarios de la comunicaci\u00f3n y prestando atenci\u00f3n a todo lo que el periodista necesita para desarrollar mejor su labor y conseguir mejores resultados en la puesta en marcha de cada estrategia<\/p>\n<p>Al darle forma a diversas empresas relacionadas con la tem\u00e1tica, ofrece una visi\u00f3n empresarial a la comunicaci\u00f3n, brindando a sus clientes el enfoque comercial necesario para que su empresa, producto o servicio tengan el \u00e9xito deseado.<\/p>\n<p>Asesora a empresas e instituciones. Adem\u00e1s, adapta los conceptos y herramientas a emprendedores y pymes logrando un gran efecto en las comunicaciones<\/p>\n<p>Adem\u00e1s, posee un post\u00edtulo en formaci\u00f3n docente que le favorece a la consultora el dictado de los cursos que brinda y el coaching sobre diversos aspectos relacionados con la comunicaci\u00f3n.<\/p>\n<p>Desde 2011 trabaja en el asesoramiento de emprendedores a trav\u00e9s de la coordinaci\u00f3n del proyecto <strong>Pilar Emprende<\/strong> (<a href=\"http:\/\/www.pilaremprende.com.ar\/\">www.pilaremprende.com.ar<\/a>). A trav\u00e9s de estas iniciativas de emprendedores para emprendedores, le brindan herramientas, espacios de networking y diversas acciones para ayudar a los emprendedores a crecer con sus proyectos y hacerlos sustentables en el tiempo. En 2017 fund\u00f3 el Club de Emprendedores y Empresarios de la Argentina (CEEA) www.ceea.club<\/p>\n<p><strong>Qu\u00e1sar Comunicaci\u00f3n<\/strong> cuenta con un staff de ejecutivos vinculados con los principales y m\u00e1s modernos medios de comunicaci\u00f3n y transmisi\u00f3n de informaci\u00f3n.<\/p>\n<p>Conoc\u00e9 m\u00e1s en <a href=\"https:\/\/linktr.ee\/fernandaipata\">https:\/\/linktr.ee\/fernandaipata\u00a0<\/a><\/p>\n<p><span style=\"font-family: Verdana;\"><span style=\"font-size: xx-small;\">\u00a0<\/span><\/span><a href=\"https:\/\/www.linkedin.com\/profile\/view?id=30549614&amp;trk=nav_responsive_tab_profile\" target=\"_blank\" rel=\"noopener noreferrer\">LinkedIn<\/a><\/p>\n<p><a href=\"https:\/\/www.facebook.com\/fernandaemprendedora\" target=\"_blank\" rel=\"noopener noreferrer\">Facebook<\/a><\/p>\n<p><a href=\"https:\/\/www.instagram.com\/fernandaipata\/\">Instagram<\/a><\/p>\n<p>fernanda@quasarcomunicacion.com.ar<\/p>\n<h2><\/h2>\n","protected":false},"excerpt":{"rendered":"<p>Qu\u00e1sar Comunicaci\u00f3n est\u00e1 dirigida por la Lic. Mar\u00eda Fernanda Ipata. Es Licenciada en Periodismo y Analista en Medios de Comunicaci\u00f3n [&hellip;]<\/p>\n","protected":false},"author":2,"featured_media":0,"parent":2913,"menu_order":0,"comment_status":"open","ping_status":"open","template":"","meta":[],"_links":{"self":[{"href":"https:\/\/quasarcomunicacion.com.ar\/web\/wp-json\/wp\/v2\/pages\/4022"}],"collection":[{"href":"https:\/\/quasarcomunicacion.com.ar\/web\/wp-json\/wp\/v2\/pages"}],"about":[{"href":"https:\/\/quasarcomunicacion.com.ar\/web\/wp-json\/wp\/v2\/types\/page"}],"author":[{"embeddable":true,"href":"https:\/\/quasarcomunicacion.com.ar\/web\/wp-json\/wp\/v2\/users\/2"}],"replies":[{"embeddable":true,"href":"https:\/\/quasarcomunicacion.com.ar\/web\/wp-json\/wp\/v2\/comments?post=4022"}],"version-history":[{"count":2,"href":"https:\/\/quasarcomunicacion.com.ar\/web\/wp-json\/wp\/v2\/pages\/4022\/revisions"}],"predecessor-version":[{"id":12678,"href":"https:\/\/quasarcomunicacion.com.ar\/web\/wp-json\/wp\/v2\/pages\/4022\/revisions\/12678"}],"up":[{"embeddable":true,"href":"https:\/\/quasarcomunicacion.com.ar\/web\/wp-json\/wp\/v2\/pages\/2913"}],"wp:attachment":[{"href":"https:\/\/quasarcomunicacion.com.ar\/web\/wp-json\/wp\/v2\/media?parent=4022"}],"curies":[{"name":"wp","href":"https:\/\/api.w.org\/{rel}","templated":true}]}}