{"id":3905,"date":"2014-02-08T17:47:27","date_gmt":"2014-02-08T20:47:27","guid":{"rendered":"https:\/\/quasarcomunicacion.com.ar\/web\/?page_id=3905"},"modified":"2014-02-08T17:47:27","modified_gmt":"2014-02-08T20:47:27","slug":"servicios-2","status":"publish","type":"page","link":"https:\/\/quasarcomunicacion.com.ar\/web\/servicios-2\/","title":{"rendered":"Servicios"},"content":{"rendered":"<p><a href=\"https:\/\/quasarcomunicacion.com.ar\/web\/wp-content\/uploads\/2014\/02\/portada-facebook-.jpg\"><br \/>\n<\/a><br \/>\n<meta name=\"GENERATOR\" content=\"Microsoft FrontPage 5.0\" \/><\/p>\n<table style=\"border-collapse: collapse;\" width=\"100%\" border=\"0\" cellspacing=\"0\" cellpadding=\"0\">\n<tbody>\n<tr>\n<td style=\"text-align: left;\" align=\"center\" valign=\"top\" width=\"50%\">\n<p style=\"color: #ff0000; font-family: Georgia, 'Times New Roman', 'Bitstream Charter', Times, serif; font-size: 13px; font-style: normal; font-variant-ligatures: normal; font-variant-caps: normal; font-weight: normal; letter-spacing: normal; orphans: 2; text-align: start; text-indent: 0px; text-transform: none; white-space: normal; widows: 2; word-spacing: 0px; -webkit-text-stroke-width: 0px;\"><strong>GRAFICA:<\/strong><\/p>\n<pre><span style=\"font-family: Verdana, Arial, Helvetica, sans-serif; font-size: 11px;\">Dise\u00f1o Gr\u00e1fico<\/span><\/pre>\n<pre>Desarrollo de Imagen Corporativa<\/pre>\n<pre>Logotipos y manual de marca<\/pre>\n<p>Dise\u00f1o Editorial<\/p>\n<p>Impresiones de tarjetas personales, folletos, anotadores personalizados, regalos personalizados, carpetas personales, banners, calcos, etc<\/p>\n<p>Brochures institucionales<\/td>\n<td style=\"text-align: left;\" align=\"center\" valign=\"top\" width=\"50%\">\n<p style=\"color: #ff0000; font-family: Georgia, 'Times New Roman', 'Bitstream Charter', Times, serif; font-size: 13px; font-style: normal; font-variant-ligatures: normal; font-variant-caps: normal; font-weight: normal; letter-spacing: normal; orphans: 2; text-align: start; text-indent: 0px; text-transform: none; white-space: normal; widows: 2; word-spacing: 0px; -webkit-text-stroke-width: 0px;\"><strong>DIGITAL:<\/strong><\/p>\n<p>Social Media Manager<\/p>\n<p>Gesti\u00f3n de Redes Sociales<\/p>\n<p>Social Commerce<\/p>\n<p>Dise\u00f1o y desarrollo de sitios\u00a0webs<\/p>\n<p>Dise\u00f1o y desarrollo de landing\u00a0page \/ one page<\/p>\n<p>Dise\u00f1o y producci\u00f3n de\u00a0Newsletters<\/p>\n<p>E-commerce<\/p>\n<p>Posicionamiento web\u00a0Ads \/ Remarketing<\/p>\n<p>Campa\u00f1as en Redes sociales<\/p>\n<p>&nbsp;<\/td>\n<\/tr>\n<tr>\n<td style=\"text-align: left;\" align=\"center\" valign=\"top\" width=\"50%\">\n<p style=\"color: #ff0000; font-family: Georgia, 'Times New Roman', 'Bitstream Charter', Times, serif; font-size: 13px; font-style: normal; font-variant-ligatures: normal; font-variant-caps: normal; font-weight: normal; letter-spacing: normal; orphans: 2; text-align: start; text-indent: 0px; text-transform: none; white-space: normal; widows: 2; word-spacing: 0px; -webkit-text-stroke-width: 0px;\"><strong>COMUNICACI\u00d3N:<\/strong><\/p>\n<p>Campa\u00f1as de prensa y difusi\u00f3n<\/p>\n<p>Marketing de Contenidos<\/p>\n<p>Producci\u00f3n Editorial<\/p>\n<p>Diagn\u00f3sticos de comunicaci\u00f3n<\/p>\n<p>Asesor\u00eda en Comunicaci\u00f3n<\/p>\n<p>Gesti\u00f3n Integral de Comunicaci\u00f3n<\/p>\n<p>Propuestas Low Cost para\u00a0Emprendedores<\/p>\n<p>&nbsp;<\/td>\n<td style=\"text-align: left;\" align=\"center\" valign=\"top\" width=\"50%\">\n<p style=\"color: #ff0000; font-family: Georgia, 'Times New Roman', 'Bitstream Charter', Times, serif; font-size: 13px; font-style: normal; font-variant-ligatures: normal; font-variant-caps: normal; font-weight: normal; letter-spacing: normal; orphans: 2; text-align: start; text-indent: 0px; text-transform: none; white-space: normal; widows: 2; word-spacing: 0px; -webkit-text-stroke-width: 0px;\"><strong>CAPACITACI\u00d3N:<\/strong><\/p>\n<p>Coaching en comunicaci\u00f3n<\/p>\n<p>Cursos y talleres<\/p>\n<p>Coaching en Redes Sociales<\/p>\n<p>E Books<\/p>\n<p>Packs de capacitaciones on\u00a0line<\/p>\n<p>Recursos para Emprendedores<\/p>\n<p>Capacitaciones a medida<\/td>\n<\/tr>\n<\/tbody>\n<\/table>\n<p>&nbsp;<\/p>\n<p>&nbsp;<\/p>\n","protected":false},"excerpt":{"rendered":"<p>GRAFICA: Dise\u00f1o Gr\u00e1fico Desarrollo de Imagen Corporativa Logotipos y manual de marca Dise\u00f1o Editorial Impresiones de tarjetas personales, folletos, anotadores [&hellip;]<\/p>\n","protected":false},"author":2,"featured_media":0,"parent":0,"menu_order":0,"comment_status":"open","ping_status":"open","template":"","meta":[],"_links":{"self":[{"href":"https:\/\/quasarcomunicacion.com.ar\/web\/wp-json\/wp\/v2\/pages\/3905"}],"collection":[{"href":"https:\/\/quasarcomunicacion.com.ar\/web\/wp-json\/wp\/v2\/pages"}],"about":[{"href":"https:\/\/quasarcomunicacion.com.ar\/web\/wp-json\/wp\/v2\/types\/page"}],"author":[{"embeddable":true,"href":"https:\/\/quasarcomunicacion.com.ar\/web\/wp-json\/wp\/v2\/users\/2"}],"replies":[{"embeddable":true,"href":"https:\/\/quasarcomunicacion.com.ar\/web\/wp-json\/wp\/v2\/comments?post=3905"}],"version-history":[{"count":0,"href":"https:\/\/quasarcomunicacion.com.ar\/web\/wp-json\/wp\/v2\/pages\/3905\/revisions"}],"wp:attachment":[{"href":"https:\/\/quasarcomunicacion.com.ar\/web\/wp-json\/wp\/v2\/media?parent=3905"}],"curies":[{"name":"wp","href":"https:\/\/api.w.org\/{rel}","templated":true}]}}