{"id":3801,"date":"2014-05-08T12:28:02","date_gmt":"2014-05-08T15:28:02","guid":{"rendered":"https:\/\/quasarcomunicacion.com.ar\/web\/?page_id=3801"},"modified":"2014-05-08T12:28:02","modified_gmt":"2014-05-08T15:28:02","slug":"momentocero","status":"publish","type":"page","link":"https:\/\/quasarcomunicacion.com.ar\/web\/momentocero\/","title":{"rendered":"Momento Cero"},"content":{"rendered":"<aside id=\"der\">\n<section>\n<article>\n<section>\n<article>\n<section>\n<article>\n<section>\n<article>\n<aside id=\"der\">\n<aside id=\"der1\">\n<aside><\/aside>\n<aside><\/aside>\n<aside><\/aside>\n<aside><\/aside>\n<aside>05\/01\/2014 <a href=\"https:\/\/quasarcomunicacion.com.ar\/web\/la-adultizacion-sexy-de-ninas-pequenas-donde-poner-el-limite\/\" target=\"_blank\" rel=\"noopener noreferrer\">La adultizaci\u00f3n sexy de ni\u00f1as peque\u00f1as: \u00bfd\u00f3nde poner el l\u00edmite?\u00a0<\/a><\/aside>\n<aside>29\/12\/2014<a href=\"https:\/\/quasarcomunicacion.com.ar\/web\/tips-a-tener-en-cuenta-a-la-hora-de-elegir-una-colonia-de-vacaciones-para-nuestros-hijos-2\/\" target=\"_blank\" rel=\"noopener noreferrer\"> Tips a tener en cuenta a la hora de elegir una colonia de vacaciones para nuestros hijos<\/a><\/aside>\n<aside>18\/01\/2014\u00a0<a href=\"https:\/\/quasarcomunicacion.com.ar\/web\/las-fantasias-de-las-fiestas-tarde-o-temprano-nos-acercamos-a-la-verdad-2\/\" target=\"_blank\" rel=\"noopener noreferrer\">Las fantas\u00edas de las fiestas: tarde o temprano nos acercamos a la verdad\u00a0<\/a><\/aside>\n<aside>14\/10\/2014 <a href=\"https:\/\/quasarcomunicacion.com.ar\/web\/verdades-y-mitos-sobre-la-maternidad\/\" target=\"_blank\" rel=\"noopener noreferrer\">Verdades y mitos sobre la Maternidad<\/a>\u00a0<\/aside>\n<aside>13\/08\/2014 <a href=\"https:\/\/quasarcomunicacion.com.ar\/web\/que-hacer-cuando-los-chicos-no-quieren-ir-al-colegio\/\" target=\"_blank\" rel=\"noopener noreferrer\">\u00bfQu\u00e9 hacer cuando los chicos no quieren ir al colegio?<\/a><\/aside>\n<aside>01\/08\/2014 <a href=\"https:\/\/quasarcomunicacion.com.ar\/web\/en-la-semana-de-la-lactancia-materna-destacamos-su-importancia\/\" target=\"_blank\" rel=\"noopener noreferrer\">En la Semana de la Lactancia Materna, destacamos su importancia<\/a><\/aside>\n<aside>22\/07\/2014 <a href=\"https:\/\/quasarcomunicacion.com.ar\/web\/seminario\/\" target=\"_blank\" rel=\"noopener noreferrer\">Nueva edici\u00f3n del Seminario Introductorio de Observaci\u00f3n de Lactantes<\/a><\/aside>\n<aside>18\/07\/2014<a href=\"https:\/\/quasarcomunicacion.com.ar\/web\/la-importancia-de-la-amistad-en-la-infancia\/\" target=\"_blank\" rel=\"noopener noreferrer\"> La importancia de la amistad en la infancia<\/a><\/aside>\n<aside>\n<p style=\"display: inline !important;\">06\/06\/2014<a href=\"https:\/\/quasarcomunicacion.com.ar\/web\/ser-padre-luego-de-los-50\/\" target=\"_blank\" rel=\"noopener noreferrer\"> Ser padre luego de los 50<\/a><\/p>\n<p style=\"display: inline !important;\">\n<p>07\/05\/14<a href=\"https:\/\/quasarcomunicacion.com.ar\/web\/informe-de-momento-cero-como-afecta-la-violencia-a-los-menores\/\" target=\"_blank\" rel=\"noopener noreferrer\">\u00a0Informe de Momento Cero: C\u00f3mo afecta a los menores ser testigos de hechos delictivos<\/a><\/aside>\n<aside>\n<p style=\"display: inline !important;\">09\/06\/2014 <a href=\"https:\/\/quasarcomunicacion.com.ar\/web\/momento-cero-brindara-una-charla-sobre-el-sueno-en-los-ninos\/\" target=\"_blank\" rel=\"noopener noreferrer\">Momento Cero brindar\u00e1 una charla sobre el sue\u00f1o en los ni\u00f1os<\/a><\/p>\n<\/aside>\n<aside>30\/04\/14\u00a0<a href=\"https:\/\/quasarcomunicacion.com.ar\/web\/informe-de-momento-cero-como-detectar-y-enfrentar-el-bullying\/\" target=\"_blank\" rel=\"noopener noreferrer\">Informe de Momento Cero: C\u00f3mo detectar y enfrentar el bullying<\/a><\/aside>\n<aside>24\/04\/14\u00a0<a href=\"https:\/\/quasarcomunicacion.com.ar\/web\/continua-abierta-la-inscripcion-para-el-seminario-introductorio-de-observacion-de-lactantes\/\" target=\"_blank\" rel=\"noopener noreferrer\">Contin\u00faa abierta la inscripci\u00f3n para el Seminario Introductorio de Observaci\u00f3n de Lactantes<\/a><\/aside>\n<aside>07\/04\/14\u00a0<a href=\"https:\/\/quasarcomunicacion.com.ar\/web\/los-berrinches-en-los-ninos-como-manejarlos\/\" target=\"_blank\" rel=\"noopener noreferrer\">Los berrinches en los ni\u00f1os \u00bfc\u00f3mo manejarlos?<\/a><\/aside>\n<aside>11\/03\/14<a href=\"https:\/\/quasarcomunicacion.com.ar\/web\/las-consecuencias-de-la-violencia-de-genero-en-los-ninos\/\" target=\"_blank\" rel=\"noopener noreferrer\">\u00a0Las consecuencias de la violencia de g\u00e9nero en los ni\u00f1os<\/a><\/aside>\n<aside>10\/03\/14\u00a0<a href=\"https:\/\/quasarcomunicacion.com.ar\/web\/creando-responsabilidad-en-nuestros-hijos-a-traves-de-las-tareas-escolares\/\" target=\"_blank\" rel=\"noopener noreferrer\">Creando responsabilidad en nuestros hijos a trav\u00e9s de las tareas escolares<\/a><\/aside>\n<aside>17\/02\/14\u00a0<a href=\"https:\/\/quasarcomunicacion.com.ar\/web\/momento-cero-lanza-seminario-introductorio-de-observacion-de-lactantes\/\" target=\"_blank\" rel=\"noopener noreferrer\">Momento Cero lanza Seminario Introductorio de Observaci\u00f3n de Lactantes<\/a><\/aside>\n<aside>12\/02\/14\u00a0<a href=\"https:\/\/quasarcomunicacion.com.ar\/web\/que-hacer-cuando-los-papas-deciden-separarse\/\" target=\"_blank\" rel=\"noopener noreferrer\">\u00bfQu\u00e9 hacer cuando los pap\u00e1s deciden separarse?<\/a><\/aside>\n<aside>28\/01\/14\u00a0<a href=\"https:\/\/quasarcomunicacion.com.ar\/web\/pautas-para-elegir-el-mejor-jardin-maternal-para-mi-hijo\/\">Pautas para elegir el mejor \u00a0Jard\u00edn Maternal para mi hijo<\/a><\/aside>\n<aside>23\/01\/14<a href=\"https:\/\/quasarcomunicacion.com.ar\/web\/el-estres-en-las-embarazadas-luego-de-un-hecho-traumatico\/\" target=\"_blank\" rel=\"noopener noreferrer\">\u00a0El estr\u00e9s en las embarazadas luego de un hecho traum\u00e1tico<\/a><\/aside>\n<aside>17\/01\/14\u00a0<a href=\"https:\/\/quasarcomunicacion.com.ar\/web\/como-superar-la-muerte-de-un-hijo\/\" target=\"_blank\" rel=\"noopener noreferrer\">C\u00f3mo superar la muerte de un hijo\u00a0<\/a><\/aside>\n<aside>15\/01\/14\u00a0<a href=\"https:\/\/quasarcomunicacion.com.ar\/web\/que-hacer-con-los-chicos-en-vacaciones\/\" target=\"_blank\" rel=\"noopener noreferrer\">\u00bfQu\u00e9 hacer con los chicos en vacaciones?<\/a><\/aside>\n<aside>08\/01\/14\u00a0<a href=\"https:\/\/quasarcomunicacion.com.ar\/web\/cortes-de-luz-el-miedo-a-la-oscuridad-en-la-infancia\/\">Cortes de luz: el miedo a la oscuridad en la infancia<\/a><\/aside>\n<aside>18\/12\/13 <a href=\"https:\/\/quasarcomunicacion.com.ar\/web\/las-fantasias-de-las-fiestas-tarde-o-temprano-nos-acercamos-a-la-verdad\/\" target=\"_blank\" rel=\"noopener noreferrer\">Las fantas\u00edas de las fiestas: tarde o temprano nos acercamos a la verdad\u00a0<\/a><\/aside>\n<aside>16\/12\/13\u00a0<a href=\"https:\/\/quasarcomunicacion.com.ar\/web\/tips-a-tener-en-cuenta-a-la-hora-de-elegir-una-colonia-de-vacaciones-para-nuestros-hijos\/\" target=\"_blank\" rel=\"noopener noreferrer\">Tips a tener en cuenta a la hora de elegir una colonia de vacaciones para nuestros hijos<\/a><\/aside>\n<aside>12\/12\/13\u00a0<a href=\"https:\/\/quasarcomunicacion.com.ar\/web\/finalizo-en-san-isidro-el-seminario-introductorio-de-observacion-de-lactantes\/\" target=\"_blank\" rel=\"noopener noreferrer\">Finaliz\u00f3 en San Isidro el Seminario Introductorio de Observaci\u00f3n de Lactantes<\/a><\/aside>\n<aside>13\/11\/13 <a href=\"https:\/\/quasarcomunicacion.com.ar\/web\/embarazo-adolescente-la-importancia-de-la-prevencion\/\" target=\"_blank\" rel=\"noopener noreferrer\">EMBARAZO ADOLESCENTE: \u00a0la importancia de la prevenci\u00f3n<\/a><\/aside>\n<aside>31\/10\/13\u00a0<a href=\"https:\/\/quasarcomunicacion.com.ar\/web\/intervenciones-tempranas-la-importancia-de-la-madre-en-los-primeros-momentos-de-la-crianza\/\" target=\"_blank\" rel=\"noopener noreferrer\">Intervenciones tempranas: la importancia de la madre en los primeros momentos de la crianza<\/a><\/aside>\n<aside>17\/10\/13\u00a0<a href=\"https:\/\/quasarcomunicacion.com.ar\/web\/momento-cero-en-radio-argentina-ciudadana\/\" target=\"_blank\" rel=\"noopener noreferrer\">Momento Cero en Radio Argentina Ciudadana<\/a><\/aside>\n<aside>04\/10\/13 \u00a0<a href=\"https:\/\/quasarcomunicacion.com.ar\/web\/crece-la-violencia-escolar-en-la-argentina\/\" target=\"_blank\" rel=\"noopener noreferrer\">Crece la Violencia Escolar en la Argentina<\/a><\/aside>\n<aside>26\/09\/13 <a href=\"https:\/\/quasarcomunicacion.com.ar\/web\/la-identidad-de-genero-en-la-infancia\/\" target=\"_blank\" rel=\"noopener noreferrer\">La identidad de g\u00e9nero en la infancia<\/a><\/aside>\n<aside>19\/09\/13\u00a0<a href=\"https:\/\/quasarcomunicacion.com.ar\/web\/el-habito-del-piquito-en-la-boca-entre-padres-e-hijos\/\">El h\u00e1bito del \u201cPiquito\u201d en la boca entre padres e hijos<\/a><\/aside>\n<aside>26\/08\/13\u00a0<a href=\"https:\/\/quasarcomunicacion.com.ar\/web\/banco-comafi-se-suma-a-los-servicios-de-momento-cero\/\" target=\"_blank\" rel=\"noopener noreferrer\">Momento Cero se suma \u00a0a los servicios de Banco Comafi<\/a><\/aside>\n<aside>31\/07\/13 <a href=\"https:\/\/quasarcomunicacion.com.ar\/web\/la-importancia-de-la-lactancia-materna\/\" target=\"_blank\" rel=\"noopener noreferrer\">La importancia de la lactancia materna<\/a><\/aside>\n<aside>10\/07\/13<a href=\"https:\/\/quasarcomunicacion.com.ar\/web\/los-ninos-y-la-amistad\/\" target=\"_blank\" rel=\"noopener noreferrer\"> Los ni\u00f1os y la amistad<\/a><\/aside>\n<aside>10\/06\/13\u00a0<a href=\"https:\/\/quasarcomunicacion.com.ar\/web\/la-importancia-de-la-figura-paterna-en-la-crianza-de-los-hijos\/\" target=\"_blank\" rel=\"noopener noreferrer\">La importancia de la figura paterna en la crianza de los hijos<\/a><\/aside>\n<aside id=\"der0\"><span style=\"color: #008000; font-family: Verdana; font-size: small;\">15<\/span>\/05\/13\u00a0<a style=\"font-family: Verdana; font-size: small;\" href=\"http:\/\/www.quasarcomunicacion.com.ar\/momentocero\/130514seminario.htm\" target=\"_blank\" rel=\"noopener noreferrer\">Momento Cero brindar\u00e1 Seminario para psicoterapeutas<\/a>\u00a0<\/aside>\n<\/aside>\n<\/aside>\n<\/article>\n<\/section>\n<\/article>\n<\/section>\n<\/article>\n<\/section>\n<\/article>\n<\/section>\n<\/aside>\n<section>\n<article>\n<section>\n<article>\n<section>\n<article>\n<section>\n<article>\n<aside id=\"der0\">\n<aside id=\"der1\">\n<aside id=\"der\">\n<aside id=\"der\">\n<aside id=\"der50\">\n<aside id=\"der49\">\n<aside id=\"der48\">\n<aside id=\"der47\"><span style=\"color: #008000; font-family: Verdana; font-size: small;\">15<\/span>\/04\/13\u00a0<a style=\"font-family: Verdana; font-size: small;\" href=\"http:\/\/www.quasarcomunicacion.com.ar\/momentocero\/130514seminario.htm\/momentocero\/130411inundaciones.htm\" target=\"_blank\" rel=\"noopener noreferrer\">\u00bfC\u00f3mo explicar a los ni\u00f1os los desastres naturales?<\/a>\u00a0<\/aside>\n<\/aside>\n<\/aside>\n<\/aside>\n<\/aside>\n<\/aside>\n<\/aside>\n<\/aside>\n<\/article>\n<\/section>\n<\/article>\n<\/section>\n<\/article>\n<\/section>\n<\/article>\n<\/section>\n<aside id=\"der0\">\n<aside id=\"der1\">\n<aside id=\"der\">\n<aside id=\"der\"><span style=\"color: #008000; font-family: Verdana; font-size: small;\">08<\/span><span style=\"color: #008000; font-family: Verdana; font-size: small;\">\/03\/13\u00a0<\/span><span style=\"color: #000000; font-family: Verdana; font-size: small;\"><a href=\"http:\/\/www.quasarcomunicacion.com.ar\/momentocero\/130514seminario.htm\/momentocero\/130308maltrato.htm\" target=\"_blank\" rel=\"noopener noreferrer\">Las consecuencias de la violencia de g\u00e9nero en los ni\u00f1os<\/a><\/span><br \/>\n<span style=\"color: #008000; font-family: Verdana; font-size: small;\">22<\/span><span style=\"color: #008000; font-family: Verdana; font-size: small;\">\/02\/13\u00a0<\/span><a style=\"font-family: Verdana; font-size: small;\" href=\"http:\/\/www.quasarcomunicacion.com.ar\/momentocero\/130514seminario.htm\/momentocero\/130219clases.htm\" target=\"_blank\" rel=\"noopener noreferrer\">C\u00f3mo acompa\u00f1ar a nuestros hijos en el inicio de las clases<\/a><\/aside>\n<aside><span style=\"color: #008000; font-size: small;\"><span style=\"font-family: Verdana;\">06\/02\/13\u00a0<\/span><\/span><span style=\"color: #000000; font-family: Verdana; font-size: small;\"><a href=\"http:\/\/www.quasarcomunicacion.com.ar\/momentocero\/130514seminario.htm\/momentocero\/130205jardin.htm\" target=\"_blank\" rel=\"noopener noreferrer\">C\u00f3mo elegir un Jard\u00edn Maternal para mi Hijo<\/a><\/span>\u00a0<\/aside>\n<aside><span style=\"color: #008000; font-family: Verdana; font-size: small;\">23<\/span><span style=\"color: #008000; font-family: Verdana; font-size: small;\">\/01\/13<\/span><span style=\"color: #000000;\"><a style=\"font-size: small; font-family: Verdana;\" href=\"http:\/\/www.quasarcomunicacion.com.ar\/momentocero\/130514seminario.htm\/momentocero\/130121vacaciones.htm\" target=\"_blank\" rel=\"noopener noreferrer\">\u00bfQu\u00e9 hacer con los chicos en vacaciones?<\/a><\/span><\/aside>\n<aside><span style=\"color: #008000; font-family: Verdana; font-size: small;\">17\/01\/13\u00a0<\/span><span style=\"color: #000000;\"><a style=\"font-size: small; font-family: Verdana;\" href=\"http:\/\/www.quasarcomunicacion.com.ar\/momentocero\/130514seminario.htm\/momentocero\/130111dakar.htm\" target=\"_blank\" rel=\"noopener noreferrer\">Especialistas de Momento Cero participaron del Congreso Internacional de Observaci\u00f3n de beb\u00e9s en Dakar<\/a><\/span><\/aside>\n<aside><span style=\"color: #008000; font-family: Verdana; font-size: small;\">18\/12\/12\u00a0<\/span><span style=\"color: #000000;\"><a style=\"font-family: Verdana; font-size: small;\" href=\"http:\/\/www.quasarcomunicacion.com.ar\/momentocero\/130514seminario.htm\/momentocero\/120911prevencion.htm\" target=\"_blank\" rel=\"noopener noreferrer\">Al criar a nuestros hijos,\u00a0 \u00abes mejor prevenir que curar\u00bb<\/a><\/span><\/aside>\n<aside><span style=\"color: #008000; font-family: Verdana; font-size: small;\">10\/12\/12 <a href=\"http:\/\/www.quasarcomunicacion.com.ar\/momentocero\/130514seminario.htm\/momentocero\/120927depresion.htm\" target=\"_blank\" rel=\"noopener noreferrer\">La Depresi\u00f3n Infantil, un mal de estos tiempos<\/a><\/span><\/aside>\n<aside><span style=\"color: #008000; font-family: Verdana; font-size: small;\">11\/09\/12 <\/span><a style=\"font-family: Verdana; font-size: small;\" href=\"http:\/\/www.quasarcomunicacion.com.ar\/momentocero\/130514seminario.htm\/momentocero\/120917dakar.htm\" target=\"_blank\" rel=\"noopener noreferrer\">Especialistas de Momento Cero participar\u00e1n de Congreso Internacional en Dakar<\/a><\/aside>\n<aside><span style=\"color: #008000; font-family: Verdana; font-size: small;\">04\/09\/12 <\/span><a style=\"font-family: Verdana; font-size: small;\" href=\"http:\/\/www.quasarcomunicacion.com.ar\/momentocero\/130514seminario.htm\/momentocero\/120824rse.htm\" target=\"_blank\" rel=\"noopener noreferrer\">Momento Cero encar\u00f3 exitosa campa\u00f1a solidaria por el D\u00eda del Ni\u00f1o<\/a><\/aside>\n<aside><span style=\"color: #008000; font-family: Verdana; font-size: small;\">03\/08\/12 <\/span><a style=\"font-family: Verdana; font-size: small;\" href=\"http:\/\/www.quasarcomunicacion.com.ar\/momentocero\/130514seminario.htm\/momentocero\/120802copaternidad.htm\" target=\"_blank\" rel=\"noopener noreferrer\">Copaternidad: \u00abEs momento de replantear algunos conceptos relacionados con el amor\u00bb<\/a><\/aside>\n<\/aside>\n<\/aside>\n<\/aside>\n","protected":false},"excerpt":{"rendered":"<p>05\/01\/2014 La adultizaci\u00f3n sexy de ni\u00f1as peque\u00f1as: \u00bfd\u00f3nde poner el l\u00edmite?\u00a0 29\/12\/2014 Tips a tener en cuenta a la hora [&hellip;]<\/p>\n","protected":false},"author":2,"featured_media":0,"parent":0,"menu_order":0,"comment_status":"open","ping_status":"open","template":"","meta":[],"_links":{"self":[{"href":"https:\/\/quasarcomunicacion.com.ar\/web\/wp-json\/wp\/v2\/pages\/3801"}],"collection":[{"href":"https:\/\/quasarcomunicacion.com.ar\/web\/wp-json\/wp\/v2\/pages"}],"about":[{"href":"https:\/\/quasarcomunicacion.com.ar\/web\/wp-json\/wp\/v2\/types\/page"}],"author":[{"embeddable":true,"href":"https:\/\/quasarcomunicacion.com.ar\/web\/wp-json\/wp\/v2\/users\/2"}],"replies":[{"embeddable":true,"href":"https:\/\/quasarcomunicacion.com.ar\/web\/wp-json\/wp\/v2\/comments?post=3801"}],"version-history":[{"count":0,"href":"https:\/\/quasarcomunicacion.com.ar\/web\/wp-json\/wp\/v2\/pages\/3801\/revisions"}],"wp:attachment":[{"href":"https:\/\/quasarcomunicacion.com.ar\/web\/wp-json\/wp\/v2\/media?parent=3801"}],"curies":[{"name":"wp","href":"https:\/\/api.w.org\/{rel}","templated":true}]}}