{"id":10367,"date":"2020-09-07T15:55:21","date_gmt":"2020-09-07T15:55:21","guid":{"rendered":"https:\/\/quasarcomunicacion.com.ar\/web\/?page_id=10367"},"modified":"2021-10-12T14:28:41","modified_gmt":"2021-10-12T14:28:41","slug":"identidadargentina","status":"publish","type":"page","link":"https:\/\/quasarcomunicacion.com.ar\/web\/identidadargentina\/","title":{"rendered":"Identidad Argentina"},"content":{"rendered":"<p><strong>GACETILLAS DE PRENSA<\/strong><\/p>\n<p><a href=\"https:\/\/drive.google.com\/open?id=11ZKsxOMGnXS59boR2_9kLtie7LknAwFg\">Brochure<\/a><\/p>\n<p>07\/10\/2021 <a href=\"https:\/\/quasarcomunicacion.com.ar\/web\/el-cau-rosario-de-la-universidad-siglo-21-sera-sede-del-4o-congreso-innova-educa-21-construyendo-ecosistemas-educativos\/\">El CAU Rosario de la Universidad Siglo 21 ser\u00e1 sede del 4\u00ba Congreso Innova Educa 21 \u00abConstruyendo ecosistemas educativos\u00bb<\/a><\/p>\n<p>05\/10\/2021 <a href=\"https:\/\/quasarcomunicacion.com.ar\/web\/con-la-participacion-de-collegium-musicum-se-viene-el-1o-congreso-de-ensenanza-musical-creativa\/\">Con la participaci\u00f3n de Collegium Musicum se viene el 1\u00ba Congreso de Ense\u00f1anza Musical Creativa<\/a><\/p>\n<p>29\/09\/2021 <a href=\"https:\/\/quasarcomunicacion.com.ar\/web\/identidad-argentina-y-circom-firman-una-alianza-para-la-formacion-de-competencias-innovadoras-para-los-profesionales-de-la-comunicacion\/\">Identidad Argentina y CIRCOM firman una Alianza para la Formaci\u00f3n de Competencias Innovadoras para los profesionales de la Comunicaci\u00f3n<\/a><\/p>\n<p>28\/09\/2021 <a href=\"https:\/\/quasarcomunicacion.com.ar\/web\/identidad-argentina-ayuda-a-identificar-oportunidades-de-apoyo-a-las-organizaciones-desde-la-direccion-de-innovacion-abierta-y-competitividad\/\">Identidad Argentina ayuda a identificar oportunidades de apoyo a las organizaciones desde la Direcci\u00f3n de Innovaci\u00f3n Abierta y Competitividad<\/a><\/p>\n<p>24\/09\/2021 <a href=\"https:\/\/quasarcomunicacion.com.ar\/web\/identidad-argentina-se-suma-a-la-expo-empleo-y-emprendedurismo-de-la-ucalp\/\">Identidad Argentina se suma a la Expo Empleo y Emprendedurismo de la UCALP<\/a><\/p>\n<p>20\/09\/2021 <a href=\"https:\/\/quasarcomunicacion.com.ar\/web\/identidad-argentina-acompana-el-1o-congreso-internacional-violencia-de-genero-digital-en-espana\/\">Identidad Argentina acompa\u00f1a el 1\u00ba Congreso Internacional Violencia de G\u00e9nero Digital en Espa\u00f1a<\/a><\/p>\n<p>17\/09\/2021 <a href=\"https:\/\/quasarcomunicacion.com.ar\/web\/referentes-comunitarios-del-barrio-21-24-se-capacitaran-para-mejorar-los-servicios-de-cuidados-a-personas-mayores-y-con-discapacidad\/\">Referentes comunitarios del Barrio 21-24 se capacitar\u00e1n para mejorar los servicios de cuidados a personas mayores y con discapacidad<\/a><\/p>\n<p>15\/09\/2021 <a href=\"https:\/\/quasarcomunicacion.com.ar\/web\/es-posible-alcanzar-el-bienestar-laboral-como-lograrlo\/\">Es posible alcanzar el bienestar laboral \u00bfc\u00f3mo lograrlo?<\/a><\/p>\n<p>14\/09\/2021 <a href=\"https:\/\/quasarcomunicacion.com.ar\/web\/estres-y-gestion-estrategica-de-agenda\/\">\u00a0Estr\u00e9s y gesti\u00f3n estrat\u00e9gica de agenda<\/a><\/p>\n<p>09\/09\/2021 <a href=\"https:\/\/quasarcomunicacion.com.ar\/web\/podcast-la-radio-del-futuro-que-ya-llego\/\">Podcast: La radio del futuro que ya lleg\u00f3<\/a><\/p>\n<p>07\/09\/2021 <a href=\"https:\/\/quasarcomunicacion.com.ar\/web\/charla-gratuita-sobre-folklore-y-diversidades-uno-de-los-temas-del-primer-congreso-de-ensenanza-musical-creativa\/\">Charla gratuita sobre \u00abFolklore y diversidades\u00bb, uno de los temas del Primer Congreso de Ense\u00f1anza Musical Creativa<\/a><\/p>\n<p>03\/09\/2021<a href=\"https:\/\/quasarcomunicacion.com.ar\/web\/lanzaron-la-direccion-regional-cuyo-de-identidad-argentina\/\"> Lanzaron la Direcci\u00f3n Regional Cuyo de Identidad Argentina<\/a><\/p>\n<p>29\/08\/2021 <a href=\"https:\/\/quasarcomunicacion.com.ar\/web\/charla-gratuita-online-recursos-virtuales-para-aprendizaje-digital\/\">Charla gratuita online: Recursos Virtuales para Aprendizaje Digital<\/a><\/p>\n<p>24\/08\/2021 <a href=\"https:\/\/quasarcomunicacion.com.ar\/web\/identidad-argentina-firmo-un-importante-convenio-con-el-concejo-deliberante-de-cordoba\/\">Identidad Argentina firm\u00f3 un importante convenio con el Concejo Deliberante de C\u00f3rdoba<\/a><\/p>\n<p>23\/08\/2021 <a href=\"https:\/\/quasarcomunicacion.com.ar\/web\/ecosistema-cultural-celebra-el-mes-de-la-infancia\/\">Ecosistema Cultural celebra el Mes de la Infancia<\/a><\/p>\n<p>20\/08\/2021 <a href=\"https:\/\/quasarcomunicacion.com.ar\/web\/identidad-argentina-lanza-la-direccion-regional-cuyo\/\">Identidad Argentina lanza la Direcci\u00f3n Regional Cuyo<\/a><\/p>\n<p>19\/08\/2021<a href=\"https:\/\/quasarcomunicacion.com.ar\/web\/a5-como-mejorar-la-cultura-de-la-empresa-y-acelerar-resultados\/\"> A5: C\u00f3mo mejorar la cultura de la empresa y acelerar resultad<\/a>os<\/p>\n<p>18\/08\/2021 <a href=\"https:\/\/quasarcomunicacion.com.ar\/web\/ecosistema-cultural-lanza-un-nuevo-ciclo-de-su-innovador-club-de-lectura-virtual\/\">Ecosistema Cultural lanza un\u00a0nuevo ciclo de su innovador Club de Lectura virtual<\/a><\/p>\n<p>17\/08\/2021 <a href=\"https:\/\/quasarcomunicacion.com.ar\/web\/identidad-argentina-firmo-un-importante-convenio-con-mutual-del-sindicato-de-petroleros-jerarquicos\/\">Identidad Argentina firm\u00f3 un importante convenio con la Mutual del Sindicato de Petroleros Jer\u00e1rquicos<\/a><\/p>\n<p>13\/08\/2021 <a href=\"https:\/\/quasarcomunicacion.com.ar\/web\/en-pandemia-aumento-notablemente-la-ansiedad-laboral\/\">En pandemia aument\u00f3 notablemente la ansiedad laboral<\/a><\/p>\n<p>11\/08\/2021 <a href=\"https:\/\/quasarcomunicacion.com.ar\/web\/el-subsecretario-de-educacion-de-pilar-visito-el-cau-tom-de-la-universidad-siglo-21\/\">El Subsecretario de Educaci\u00f3n de Pilar visit\u00f3 el CAU TOM de la Universidad Siglo 21<\/a><\/p>\n<p>10\/08\/20212 <a href=\"https:\/\/quasarcomunicacion.com.ar\/web\/ecosistema-cultural-presenta-el-libro-antartida-historias-desconocidas-e-increibles-del-continente-blanco\/\">Ecosistema Cultural presenta el libro \u00abAnt\u00e1rtida \u2013 Historias desconocidas e incre\u00edbles del continente blanco\u00bb<\/a><\/p>\n<p>10\/08\/2021 <a href=\"https:\/\/quasarcomunicacion.com.ar\/web\/gestion-de-proyectos-culturales-la-clave-esta-en-el-financiamiento-la-adaptacion-y-el-uso-de-la-tecnologia\/\">Gesti\u00f3n de Proyectos Culturales: la clave est\u00e1 en el financiamiento, la adaptaci\u00f3n y el uso de la tecnolog\u00eda<\/a><\/p>\n<p>06\/08\/2021 <a href=\"https:\/\/quasarcomunicacion.com.ar\/web\/identidad-argentina-firmo-convenio-con-la-pena-del-futbol-club-barcelona-de-rosario\/\">Identidad Argentina firm\u00f3 convenio con la Pe\u00f1a del F\u00fatbol Club Barcelona de Rosario<\/a><\/p>\n<div class=\"entry-content\">29\/07\/2021<a href=\"https:\/\/quasarcomunicacion.com.ar\/web\/identidad-argentina-organiza-un-ciclo-de-charlas-abiertas-para-acompanar-la-eleccion-vocacional\/\"> Identidad Argentina organiza un Ciclo de Charlas Abiertas para acompa\u00f1ar la elecci\u00f3n vocaciona<\/a>l<\/div>\n<p>29\/07\/2021 <a href=\"https:\/\/quasarcomunicacion.com.ar\/web\/identidad-argentina-expande-su-oferta-academica-a-mexico-con-la-diplomatura-en-gerenciamiento-de-franquicias\/\">Identidad Argentina expande su oferta acad\u00e9mica a M\u00e9xico con la Diplomatura en Gerenciamiento de Franquicias<\/a><\/p>\n<p>27\/07\/2021 <a href=\"https:\/\/quasarcomunicacion.com.ar\/web\/gestion-de-equipos-de-alto-rendimiento-en-el-contexto-actual\/\">Gesti\u00f3n de equipos de alto rendimiento en el contexto actual<\/a><\/p>\n<div class=\"entry-content\">\n<p>19\/07\/2021 <a href=\"https:\/\/quasarcomunicacion.com.ar\/web\/academia-identidad-argentina-devela-los-secretos-de-la-escritura-creativa\/\">Academia Identidad Argentina devela los Secretos de la Escritura Creativa<\/a><\/p>\n<div class=\"entry-content\">19\/07\/2021 <a href=\"https:\/\/quasarcomunicacion.com.ar\/web\/la-empleabilidad-en-pandemia-y-como-se-preparan-las-empresas-para-la-postpandemia\/\">La empleabilidad en pandemia y c\u00f3mo se preparan las empresas para la postpandemia<\/a><\/div>\n<div><\/div>\n<\/div>\n<div>16\/07\/2021 <a href=\"https:\/\/quasarcomunicacion.com.ar\/web\/tras-un-ano-en-pandemia-casi-la-mitad-de-los-argentinos-no-estan-satisfechos-con-su-vida\/\">Tras un a\u00f1o en pandemia, casi la mitad de los argentinos no est\u00e1n satisfechos con su vida<\/a><\/div>\n<div><\/div>\n<div>08\/07\/2021\u00a0<a href=\"https:\/\/quasarcomunicacion.com.ar\/web\/con-sello-en-la-innovacion-y-el-conocimiento-identidad-argentina-amplia-su-red-de-expertos\/\">Con sello en la Innovaci\u00f3n y el Conocimiento, Identidad Argentina ampl\u00eda su red de Expertos<\/a><\/div>\n<div><\/div>\n<div>05\/07\/2021 <a href=\"https:\/\/quasarcomunicacion.com.ar\/web\/academia-identidad-argentina-expande-su-oferta-innovadora-de-formacion-profesional\/\">Academia Identidad Argentina expande su oferta innovadora de formaci\u00f3n profesional<\/a><\/div>\n<div><\/div>\n<div>02\/07\/2021 <a href=\"https:\/\/quasarcomunicacion.com.ar\/web\/ecosistema-cultural-y-ensenarte-creativo-organizan-el-1o-congreso-de-ensenanza-musical-creativa\/\">Ecosistema Cultural y Ense\u00f1arte Creativo organizan el 1\u00ba Congreso de Ense\u00f1anza Musical Creativa<\/a><\/div>\n<div><\/div>\n<div>30\/06\/2021 <a href=\"https:\/\/quasarcomunicacion.com.ar\/web\/negocios-en-pandemia-tips-para-transitar-la-segunda-mitad-del-ano\/\">Negocios en Pandemia: Tips para transitar la segunda mitad del a\u00f1o<\/a><\/div>\n<div><\/div>\n<div>17\/06\/2021 <a href=\"https:\/\/quasarcomunicacion.com.ar\/web\/la-camara-argentina-para-la-formacion-profesional-y-capacitacion-laboral-realizo-un-innovador-encuentro-federal-con-sus-socios-de-todo-el-pais\/\">La C\u00e1mara Argentina para la Formaci\u00f3n Profesional y Capacitaci\u00f3n Laboral realiz\u00f3 un innovador encuentro federal con sus socios de todo el pa\u00eds<\/a><\/div>\n<div><\/div>\n<div>07\/06\/2021 <a href=\"https:\/\/quasarcomunicacion.com.ar\/web\/identidad-argentina-suma-nueva-gerente-de-vinculacion-institucional-y-desarrollo-de-alianzas\/\">Identidad Argentina suma nueva Gerente de Vinculaci\u00f3n Institucional y Desarrollo de Alianzas<\/a><\/div>\n<div>\n<p>04\/06\/2021 <a href=\"https:\/\/quasarcomunicacion.com.ar\/web\/criptomonedas-un-nuevo-mundo-en-el-mercado-financiero\/\">Criptomonedas: un nuevo mundo en el mercado financiero<\/a><\/p>\n<\/div>\n<div>\n<p>18\/05\/2021 <a href=\"https:\/\/quasarcomunicacion.com.ar\/web\/agilismo-estructuras-liberadoras-para-incrementar-la-productividad-y-la-innovacion\/\">Agilismo: estructuras liberadoras para incrementar la productividad y la innovaci\u00f3n<\/a><\/p>\n<\/div>\n<div>17\/05\/2021\u00a0<a href=\"https:\/\/quasarcomunicacion.com.ar\/web\/identidad-argentina-coorganiza-las-jornadas-contra-la-violencia-de-genero-digital-en-ecuador\/\">Identidad Argentina coorganiza las Jornadas contra la Violencia de G\u00e9nero Digital en Ecuador<\/a><\/div>\n<div><\/div>\n<div>13\/05\/2021 <a href=\"https:\/\/quasarcomunicacion.com.ar\/web\/sabadoenmovimiento\/\">Ecosistema Cultural organiza una Jornada de Danza \u00abS\u00e1bado en Movimiento\u00bb\u00a0<\/a><\/div>\n<div><\/div>\n<div>29\/04\/2021 <a href=\"https:\/\/quasarcomunicacion.com.ar\/web\/academia-identidad-argentina-brinda-tips-de-ciberseguridad-para-el-hot-sale\/\">Academia Identidad Argentina brinda tips de Ciberseguridad para el Hot Sale<\/a><\/div>\n<div><\/div>\n<div>28\/04\/2021 <a href=\"https:\/\/quasarcomunicacion.com.ar\/web\/identidad-argentina-presento-a-sus-primeros-lideres-de-desarrollo-territorial-en-argentina\/\">Identidad Argentina present\u00f3 a sus primeros \u00abL\u00edderes de Desarrollo Territorial en Argentina\u00bb<\/a><\/div>\n<div><\/div>\n<div>23\/04\/2021 <a href=\"https:\/\/quasarcomunicacion.com.ar\/web\/academia-identidad-argentina-amplia-su-oferta-de-cursos-basados-en-la-innovacion-y-el-conocimiento\/\">Academia Identidad Argentina ampl\u00eda su oferta de cursos basados en la innovaci\u00f3n y el conocimiento<\/a><\/div>\n<div><\/div>\n<div>20\/04\/2021 <a href=\"https:\/\/quasarcomunicacion.com.ar\/web\/ecosistema-cultural-una-nueva-manera-de-concebir-la-industria-del-libro\/\">Ecosistema Cultural: una nueva manera de concebir la industria del libro<\/a><\/div>\n<p>12\/04\/2021 <a href=\"https:\/\/quasarcomunicacion.com.ar\/web\/un-buen-manejo-del-tiempo-mejora-la-productividad-laboral-y-el-bienestar-personal\/\">Un buen manejo del tiempo\u00a0<\/a><\/p>\n<p>08\/04\/2021 <a href=\"https:\/\/quasarcomunicacion.com.ar\/web\/abren-convocatoria-al-concurso-el-desafio-de-educar-en-tiempos-de-pandemia-en-el-contexto-nacional\/\">Abren convocatoria al Concurso \u00abEl desaf\u00edo de Educar en Tiempos de Pandemia en el contexto nacional\u00bb<\/a><\/p>\n<p>06\/04\/2021 <a href=\"https:\/\/quasarcomunicacion.com.ar\/web\/identidad-argentina-una-empresa-liderada-por-mujeres\/\">Identidad Argentina, una empresa liderada por mujeres<\/a><\/p>\n<p>31\/03\/2021 <a href=\"https:\/\/quasarcomunicacion.com.ar\/web\/identidad-argentina-lanza-en-bolivia-el-curso-de-violencia-de-genero-digital\/\">Identidad Argentina lanza en Bolivia el Curso de Violencia de G\u00e9nero Digital<\/a><\/p>\n<p>25\/03\/2021 <a href=\"https:\/\/quasarcomunicacion.com.ar\/web\/identidad-argentina-reafirma-su-compromiso-contra-la-violencia-de-genero-digital-en-latam\/\">Identidad Argentina reafirma su compromiso contra la Violencia de G\u00e9nero Digital en LATAM<\/a><\/p>\n<p>19\/03\/2021 <a href=\"https:\/\/quasarcomunicacion.com.ar\/web\/club-de-lectura-innovador-y-federal-para-reencontrarse-con-lectores-y-autores-de-todo-el-pais\/\"><strong>Club de Lectura innovador y federal para reencontrarse con lectores y autores de todo el pa\u00eds<\/strong><\/a><\/p>\n<p>18\/03\/2021 <a href=\"https:\/\/quasarcomunicacion.com.ar\/web\/identidad-argentina-coorganiza-las-jornadas-contra-la-violencia-de-genero-digital-en-latam\/\">Identidad Argentina coorganiza las Jornadas contra la Violencia de G\u00e9nero Digital en LATAM<\/a><\/p>\n<p>03\/03\/2021 <a href=\"https:\/\/quasarcomunicacion.com.ar\/web\/educacion-un-panorama-de-la-situacion-bajo-el-ojo-experto-de-identidad-argentina\/\">Educaci\u00f3n: un panorama de la situaci\u00f3n bajo el ojo experto de Identidad Argentina<\/a><\/p>\n<p>23\/02\/2021 <a href=\"https:\/\/quasarcomunicacion.com.ar\/web\/lanzan-concurso-educar-en-argentina-2020\/\">Lanzan concurso \u201cEDUCAR EN ARGENTINA 2020\u201d<\/a><\/p>\n<p>05\/02\/2021 <a href=\"https:\/\/quasarcomunicacion.com.ar\/web\/identidad-argentina-lanza-el-programa-de-lideres-de-desarrollo-territorial-en-argentina-para-brindar-oportunidades-de-empleo-y-desarrollo\/\">Identidad Argentina lanza el \u201cPrograma de L\u00edderes de Desarrollo Territorial en Argentina\u201d para brindar oportunidades de empleo y desarrollo<\/a><\/p>\n<p>04\/02\/2021 <a href=\"https:\/\/quasarcomunicacion.com.ar\/web\/en-febrero-continua-el-club-de-lectura-online-caja-de-tiempo-de-ecosistema-cultural-por-que-leer\/\">En febrero contin\u00faa el Club de Lectura online Caja de Tiempo de Ecosistema Cultural + Por Qu\u00e9 Leer<\/a><\/p>\n<p>02\/02\/2021 <a href=\"https:\/\/quasarcomunicacion.com.ar\/web\/ecosistema-cultural-de-identidad-argentina-continua-en-febrero-con-rituales-festivos\/\">Ecosistema Cultural de Identidad Argentina contin\u00faa en febrero con \u00abRituales Festivos\u00bb<\/a><\/p>\n<p>28\/01\/2021 <a href=\"https:\/\/quasarcomunicacion.com.ar\/web\/identidad-argentina-lanza-su-nueva-unidad-de-innovacion-en-el-aprendizaje\/\">Identidad Argentina lanza su nueva Unidad de Innovaci\u00f3n en el Aprendizaje<\/a><\/p>\n<p>25\/01\/2021 <a href=\"https:\/\/quasarcomunicacion.com.ar\/web\/nuevas-politicas-de-privacidad-de-whatsapp-en-la-era-de-la-colonizacion-de-los-datos\/\">Nuevas pol\u00edticas de privacidad de Whatsapp en la era de la colonizaci\u00f3n de los datos<\/a><\/p>\n<p>19\/01\/2021 <a href=\"https:\/\/quasarcomunicacion.com.ar\/web\/academia-identidad-argentina-cursos-basados-en-la-innovacion-y-el-conocimiento\/\">Academia Identidad Argentina: cursos basados en la innovaci\u00f3n y el conocimiento<\/a><\/p>\n<p>15\/01\/2021 <a href=\"https:\/\/quasarcomunicacion.com.ar\/web\/caja-de-tierra-arquitectura-sin-huella\/\">Caja de Tierra, arquitectura sin huella<\/a><\/p>\n<p>05\/01\/2021 <a href=\"https:\/\/quasarcomunicacion.com.ar\/web\/lanzan-un-innovador-club-de-lectura-caja-de-tiempo-de-ecosistema-cultural-por-que-leer\/\">Lanzan un innovador club de lectura: Caja de Tiempo de Ecosistema Cultural + Por Qu\u00e9 Leer<\/a><\/p>\n<p>30\/12\/2020 <a href=\"https:\/\/quasarcomunicacion.com.ar\/web\/soltar-para-ser-feliz-un-libro-para-comenzar-un-2021-mas-livianos\/\">\u00abSoltar para ser feliz\u00bb un libro para comenzar un 2021 m\u00e1s livianos<\/a><\/p>\n<p>22\/12\/2020<a href=\"https:\/\/quasarcomunicacion.com.ar\/web\/massaccessi-presenta-su-libro-soltar-para-ser-feliz-en-ecosistema-cultural-via-streaming-hacia-todo-el-pais\/\"> Massaccessi presenta su libro \u00abSoltar para ser feliz\u00bb en Ecosistema Cultural, v\u00eda streaming hacia todo el pa\u00eds<\/a><\/p>\n<p>22\/12\/2020 <a href=\"https:\/\/quasarcomunicacion.com.ar\/web\/lanzan-la-primera-tienda-virtual-de-productos-culturales-con-foco-en-literatura-arte-y-educacion\/\">Lanzan la primera tienda virtual de productos culturales con foco en Literatura, Arte y Educaci\u00f3n<\/a><\/p>\n<p>18\/12\/2020 <a href=\"https:\/\/quasarcomunicacion.com.ar\/web\/los-ranqueles-se-presentan-en-caja-de-tierra-la-tienda-sustentable-de-ecosistema-cultural\/\">Los Ranqueles se presentan en \u00abCaja de Tierra\u00bb, la Tienda Sustentable de Ecosistema Cultural<\/a><\/p>\n<p>15\/12\/2020 <a href=\"https:\/\/quasarcomunicacion.com.ar\/web\/ecosistema-cultural-de-identidad-argentina-lanza-su-e-commerce-con-una-intervencion-artistica-en-su-tienda-sustentable\/\">Ecosistema Cultural de Identidad Argentina lanza su e commerce con una intervenci\u00f3n art\u00edstica en su Tienda Sustentable<\/a><\/p>\n<p>11\/12\/2020 <a href=\"https:\/\/quasarcomunicacion.com.ar\/web\/academia-identidad-argentina-brinda-tips-de-ciberseguridad-para-compras-seguras-durante-las-fiesta\/\">Academia Identidad Argentina brinda tips de Ciberseguridad para compras seguras durante las Fiestas<\/a><\/p>\n<p>10\/12\/2020\u00a0<a href=\"https:\/\/quasarcomunicacion.com.ar\/web\/esta-navidad-regalacultura\/\">Esta Navidad #Regal\u00e1Cultura<\/a><\/p>\n<p>01\/12\/2020 <a href=\"https:\/\/quasarcomunicacion.com.ar\/web\/cordoba-recibe-a-la-primera-tienda-fisica-de-ecosistema-cultural-lectura-arte-y-educacion-en-un-solo-lugar\/\">C\u00f3rdoba recibe a la primera Tienda f\u00edsica de Ecosistema Cultural: lectura, arte y\u00a0 educaci\u00f3n en un s\u00f3lo lugar<\/a><\/p>\n<p>30\/11\/2020<a href=\"https:\/\/quasarcomunicacion.com.ar\/web\/red-innovargentina-el-desafio-de-la-transformacion-digital-en-las-organizaciones\/\">\u201cRed InnovArgentina\u201d: el desaf\u00edo de la transformaci\u00f3n digital en las organizaciones<\/a><\/p>\n<p>25\/11\/2020 <a href=\"https:\/\/quasarcomunicacion.com.ar\/web\/academia-identidad-argentina-brinda-tips-de-ciberseguridad-para-el-black-friday\/\">Academia Identidad Argentina brinda tips de Ciberseguridad para el Black Friday<\/a><\/p>\n<p>20\/11\/2020<a href=\"https:\/\/quasarcomunicacion.com.ar\/web\/red-innovargentina-desde-silicon-valley-invitan-a-una-transformacion-colectiva-basada-en-la-innovacion-y-el-conocimiento\/\"> \u201cRed InnovArgentina\u201d: desde Silicon Valley invitan a una transformaci\u00f3n colectiva basada en la innovaci\u00f3n y el conocimiento<\/a><\/p>\n<p>12\/11\/2020<a href=\"https:\/\/quasarcomunicacion.com.ar\/web\/silicon-valley-presente-en-el-evento-virtual-de-innovacion-y-conocimiento-red-innovargentina-2\/\"> Silicon Valley presente en el evento virtual de innovaci\u00f3n y conocimiento: \u201cRed InnovArgentina\u201d<\/a><\/p>\n<p>06\/11\/2020 <a href=\"https:\/\/quasarcomunicacion.com.ar\/web\/academia-identidad-argentina-organiza-red-innovargentina\/\">Academia Identidad Argentina organiza \u201cRed InnovArgentina\u201d<\/a><\/p>\n<p>04\/11\/2020 <a href=\"https:\/\/quasarcomunicacion.com.ar\/web\/8va-edicion-virtual-feti-2020-que-el-encuentro-trascienda-lo-virtual\/\">8va Edici\u00f3n Virtual FETI 2020: Que el Encuentro trascienda lo virtual<\/a><\/p>\n<p>02\/11\/2020<a href=\"https:\/\/quasarcomunicacion.com.ar\/web\/curso-virtual-de-economia-para-abogados\/\"> Curso virtual de Econom\u00eda para abogados<\/a><\/p>\n<p>28\/10\/2020 <a href=\"https:\/\/quasarcomunicacion.com.ar\/web\/identidad-argentina-continua-con-sus-webinars-gratuitos-y-abiertos-a-la-comunidad\/\">Identidad Argentina contin\u00faa con sus webinars gratuitos y abiertos a la comunidad<\/a><\/p>\n<p>23\/10\/2020 <a href=\"https:\/\/quasarcomunicacion.com.ar\/web\/academia-identidad-argentina-capacita-en-ciberseguridad\/\">Academia Identidad Argentina capacita en Ciberseguridad<\/a><\/p>\n<p>19\/10\/2020 <a href=\"https:\/\/quasarcomunicacion.com.ar\/web\/identidad-argentina-organiza-el-webinar-gestion-del-talento-comunicacion-y-mindset-digital-en-empresas-high-tech\/\">Identidad Argentina organiza el Webinar \u00abGesti\u00f3n del Talento, Comunicaci\u00f3n y Mindset Digital en empresas High-Tech\u00bb<\/a><\/p>\n<p>13\/10\/2020 <a href=\"https:\/\/quasarcomunicacion.com.ar\/web\/identidad-argentina-inauguro-ecosistema-cultural\/\">Identidad Argentina inaugur\u00f3 Ecosistema Cultural\u00a0<\/a><\/p>\n<p>08\/10\/2020 <a href=\"https:\/\/quasarcomunicacion.com.ar\/web\/con-referentes-de-la-educacion-nacional-lanzaron-a-camara-argentina-para-la-formacion-profesional-y-capacitacion-laboral\/\">Con referentes de la Educaci\u00f3n Nacional lanzaron a C\u00e1mara Argentina para la Formaci\u00f3n Profesional y Capacitaci\u00f3n Laboral<\/a><\/p>\n<p>06\/10\/2020 <a href=\"https:\/\/quasarcomunicacion.com.ar\/web\/identidad-argentina-lanza-ecosistema-cultural-con-la-campana-argentina-una-cultura-que-inspira\/\">Identidad Argentina lanza Ecosistema Cultural con la Campa\u00f1a \u201cArgentina. Una Cultura que Inspira\u201d<\/a><\/p>\n<p>02\/10\/2020 <a href=\"https:\/\/quasarcomunicacion.com.ar\/web\/cartelera-cultural-de-octubre-de-identidad-argentina\/\">Cartelera cultural de octubre de Identidad Argentina<\/a><\/p>\n<p>01\/10\/2020 <a href=\"https:\/\/quasarcomunicacion.com.ar\/web\/identidad-argentina-organiza-el-webinar-convivir-con-la-incertidumbre-hacia-un-manejo-efectivo-de-la-ansiedad\/\">Identidad Argentina organiza el Webinar \u00abConvivir con la incertidumbre. Hacia un manejo efectivo de la ansiedad\u00bb<\/a><\/p>\n<p>30\/09\/2020 <a href=\"https:\/\/quasarcomunicacion.com.ar\/web\/lanzan-la-camara-argentina-para-la-formacion-profesional-y-capacitacion-laboral\/\">Lanzan la C\u00e1mara Argentina para la Formaci\u00f3n Profesional y Capacitaci\u00f3n Laboral<\/a><\/p>\n<p>22\/09\/2020<a href=\"https:\/\/quasarcomunicacion.com.ar\/web\/comienzan-los-cursos-de-academia-identidad-argentina\/\"> Comienzan los cursos de Academia Identidad Argentina<\/a><\/p>\n<p>15\/09\/2020 <a href=\"https:\/\/quasarcomunicacion.com.ar\/web\/charla-abierta-gratuita-con-profesores-expertos-de-academia-identidad-argentina\/\">Charla abierta gratuita con Profesores Expertos de Academia Identidad Argentina<\/a><\/p>\n<p>11\/09\/2020 <a href=\"https:\/\/quasarcomunicacion.com.ar\/web\/argentina-tuvo-su-primera-jornada-de-violencia-de-genero-digital\/\">Argentina tuvo su Primera Jornada de Violencia de G\u00e9nero Digital<\/a><\/p>\n<p>07\/09\/2020 <a href=\"https:\/\/quasarcomunicacion.com.ar\/web\/rimera-jornada-argentina-de-violencia-de-genero-digital\/\">Primera Jornada Argentina de Violencia de G\u00e9nero Digital<\/a><\/p>\n<p>&nbsp;<\/p>\n<p><strong>REDES SOCIALES ECOSISTEMA CULTURAL<\/strong><\/p>\n<p><strong><a href=\"https:\/\/www.facebook.com\/Ecosistema-Cultural-109254030919361\/\">FACEBOOK: \/ecosistemacultural<\/a><\/strong><\/p>\n<p><strong><a href=\"https:\/\/instagram.com\/ecosistemacultural\">INSTAGRAM: @ecosistemacultural<\/a><\/strong><\/p>\n<p><strong>TWITTER @EcoCulturalIA<\/strong><\/p>\n<p><strong><a href=\"https:\/\/www.linkedin.com\/company\/ecosistema-cultural\/\">LINKEDIN: Ecosistema Cultural<\/a><\/strong><\/p>\n<p><a href=\"https:\/\/ecosistemacultural.com\/ag\/?fbclid=IwAR2ayMuwots_VpkSsYDVJtP8rtvBMxMm-rA4tb6CU_U-bUO2IKLWT4vYNOM\">TIENDA VIRTUAL<\/a><\/p>\n<p><span style=\"font-family: Verdana;\"><strong><span style=\"font-size: small;\">Datos de contacto:<\/span><\/strong><span style=\"font-size: small;\"><br \/>\n<strong>Facebook<\/strong>: Identidad-Argentina<br \/>\n<strong>Instagram<\/strong>: @identidad.argentina<br \/>\n<strong>Spotify<\/strong> Identidad Argentina<br \/>\n<strong>Linkedin<\/strong>: Identidad Argentina<br \/>\n<strong>Twitter<\/strong>: IdentidadArgen2<br \/>\n<strong>Whatsapp<\/strong>: +54 911 5596 9538<br \/>\n<strong>Web:<\/strong> <\/span> <a href=\"http:\/\/identidadargentina.com.ar\/\"> <span style=\"font-size: small;\">http:\/\/identidadargentina.com.ar\/<\/span><\/a><\/span><\/p>\n<p>&nbsp;<\/p>\n","protected":false},"excerpt":{"rendered":"<p>GACETILLAS DE PRENSA Brochure 07\/10\/2021 El CAU Rosario de la Universidad Siglo 21 ser\u00e1 sede del 4\u00ba Congreso Innova Educa [&hellip;]<\/p>\n","protected":false},"author":2,"featured_media":0,"parent":0,"menu_order":0,"comment_status":"closed","ping_status":"closed","template":"","meta":[],"_links":{"self":[{"href":"https:\/\/quasarcomunicacion.com.ar\/web\/wp-json\/wp\/v2\/pages\/10367"}],"collection":[{"href":"https:\/\/quasarcomunicacion.com.ar\/web\/wp-json\/wp\/v2\/pages"}],"about":[{"href":"https:\/\/quasarcomunicacion.com.ar\/web\/wp-json\/wp\/v2\/types\/page"}],"author":[{"embeddable":true,"href":"https:\/\/quasarcomunicacion.com.ar\/web\/wp-json\/wp\/v2\/users\/2"}],"replies":[{"embeddable":true,"href":"https:\/\/quasarcomunicacion.com.ar\/web\/wp-json\/wp\/v2\/comments?post=10367"}],"version-history":[{"count":37,"href":"https:\/\/quasarcomunicacion.com.ar\/web\/wp-json\/wp\/v2\/pages\/10367\/revisions"}],"predecessor-version":[{"id":11367,"href":"https:\/\/quasarcomunicacion.com.ar\/web\/wp-json\/wp\/v2\/pages\/10367\/revisions\/11367"}],"wp:attachment":[{"href":"https:\/\/quasarcomunicacion.com.ar\/web\/wp-json\/wp\/v2\/media?parent=10367"}],"curies":[{"name":"wp","href":"https:\/\/api.w.org\/{rel}","templated":true}]}}